{"id":1647,"date":"2025-10-14T09:07:43","date_gmt":"2025-10-14T01:07:43","guid":{"rendered":"http:\/\/www.tioxhua.com\/?page_id=1647"},"modified":"2025-12-11T21:07:33","modified_gmt":"2025-12-11T13:07:33","slug":"certifications","status":"publish","type":"page","link":"https:\/\/www.sunpluspro.com\/de\/certifications\/","title":{"rendered":"Zertifizierungen"},"content":{"rendered":"<div data-elementor-type=\"wp-page\" data-elementor-id=\"1647\" class=\"elementor elementor-1647\" data-elementor-post-type=\"page\">\n\t\t\t\t<div class=\"elementor-element elementor-element-744433a e-flex e-con-boxed e-con e-parent\" data-id=\"744433a\" data-element_type=\"container\">\n\t\t\t\t\t<div class=\"e-con-inner\">\n\t\t\t\t<div class=\"elementor-element elementor-element-83af712 elementor-widget elementor-widget-heading\" data-id=\"83af712\" data-element_type=\"widget\" data-widget_type=\"heading.default\">\n\t\t\t\t<div class=\"elementor-widget-container\">\n\t\t\t\t\t<h1 class=\"elementor-heading-title elementor-size-default\">Zertifizierungen<\/h1>\t\t\t\t<\/div>\n\t\t\t\t<\/div>\n\t\t\t\t\t<\/div>\n\t\t\t\t<\/div>\n\t\t<div class=\"elementor-element elementor-element-8ed2d13 e-flex e-con-boxed e-con e-parent\" data-id=\"8ed2d13\" data-element_type=\"container\">\n\t\t\t\t\t<div class=\"e-con-inner\">\n\t\t\t\t<div class=\"elementor-element elementor-element-e571d4b elementor-widget elementor-widget-text-editor\" data-id=\"e571d4b\" data-element_type=\"widget\" data-widget_type=\"text-editor.default\">\n\t\t\t\t<div class=\"elementor-widget-container\">\n\t\t\t\t\t\t\t\t\t<h3>Warum die Zertifizierung wichtig ist<\/h3><p>Sunplus Solar entwickelt und fertigt leistungsstarke Solarbeleuchtungsprodukte f\u00fcr st\u00e4dtische, kommunale und kommerzielle Projekte, einschlie\u00dflich integrierter Solarstra\u00dfenleuchten, 2-in-1-Solarstra\u00dfenleuchten und Solarflutlichter. Die Zertifizierung ist mehr als nur ein Abzeichen. Sie beweist, dass unsere Produkte unabh\u00e4ngige globale Standards in den Bereichen Sicherheit, elektrische Leistung, Langlebigkeit, Effizienz und Umweltfreundlichkeit erf\u00fcllen, so dass unsere Kunden uns mit vollem Vertrauen ausw\u00e4hlen k\u00f6nnen.<\/p><h3>Unsere Zertifizierungsphilosophie<\/h3><p>Sunplus Solar verf\u00fcgt \u00fcber ein umfassendes Qualit\u00e4tsmanagementsystem, einschlie\u00dflich vollst\u00e4ndiger und strenger interner Pr\u00fcfverfahren und Standards. Wir verf\u00fcgen au\u00dferdem \u00fcber unabh\u00e4ngige Labors, die unsere Produkte und Fabriken testen und \u00fcberpr\u00fcfen. Diese Tests umfassen Produktsicherheit, elektromagnetische Vertr\u00e4glichkeit, Schutzart, photometrische Leistung, Batteriekapazit\u00e4t, Leuchtdauer, Salzspr\u00fchnebeltests, Falltests, Sto\u00dffestigkeitstests und mehr. Wann immer m\u00f6glich, ver\u00f6ffentlichen wir gescannte Kopien von Zertifikaten, Pr\u00fcfberichten und Werksinspektionsdokumenten, damit unsere Kunden unsere Angaben schnell \u00fcberpr\u00fcfen k\u00f6nnen.<\/p><h3>Typische Zertifizierungen &amp; Pr\u00fcfberichte<\/h3><p>ISO 9001:2015 - Qualit\u00e4tsmanagement-System<br \/>Demonstriert konsistente Fertigungsprozesse und kontinuierliche Verbesserung.<\/p><p>CE-Kennzeichnung (EU)<\/p><p>Erkl\u00e4rt die Konformit\u00e4t mit den europ\u00e4ischen Sicherheits-, Gesundheits- und Umweltschutzanforderungen f\u00fcr elektrische Ger\u00e4te.<\/p><p>RoHS (Beschr\u00e4nkung der Verwendung bestimmter gef\u00e4hrlicher Stoffe)<br \/>Best\u00e4tigt, dass Komponenten und Materialien die Grenzwerte f\u00fcr Blei, Quecksilber, Kadmium und andere regulierte Stoffe einhalten.<\/p><p>IEC \/ EN-Normen<\/p><p>(Beleuchtung und Leuchten)<br \/>Zu den g\u00e4ngigen Normen geh\u00f6ren IEC 60598 f\u00fcr Leuchten und IEC 62471 f\u00fcr die photobiologische Sicherheit.<\/p><p>LM-80 \/ TM-21 - LED-Lumen-Wartung<br \/>Unabh\u00e4ngige Messung der LED-Lumenabschreibung zur Einsch\u00e4tzung der langfristigen Lichtleistung und Lebensdauer.<\/p><p>IP- und IK-Einstufungen (Schutz gegen Eindringen \/ Aufprallschutz)<br \/>Typische Nennwerte f\u00fcr Solarbeleuchtung im Freien: IP65 \/ IP66 (Staub-\/Wasserschutz) und IK08 (Sto\u00dffestigkeit).<\/p><p>EMC \/ FCC \/ EN 55015<br \/>Berichte zur elektromagnetischen Vertr\u00e4glichkeit (EMI\/EMC), um sicherzustellen, dass das Produkt andere Ger\u00e4te nicht st\u00f6rt.<\/p><p>T\u00dcV \/ SGS \/ Intertek Berichte<br \/>Sicherheits-, Leistungs- und Materialpr\u00fcfberichte von anerkannten internationalen Laboratorien.<\/p><h3>Salzspr\u00fchnebel-\/Korrosionstests<\/h3><p>F\u00fcr k\u00fcstennahe oder raue Umgebungen, zertifiziert die Beschichtung und Korrosionsbest\u00e4ndigkeit von Geh\u00e4usen und Montageteilen.<\/p><h3>Batteriesicherheit &amp; UN38.3<\/h3><p>Sicherheitspr\u00fcfung und Transportqualifizierung f\u00fcr Lithiumbatterien, die in Solarbeleuchtungssystemen verwendet werden.<\/p><h3>Was diese Zertifizierungen f\u00fcr Sie bedeuten<\/h3><p>Zuverl\u00e4ssige Leistung - Photometrische und LED-Lumen-Wartungsberichte (LM-80\/TM-21) helfen bei der Vorhersage, wie lange Ihre Leuchten die geforderten Lux-Werte erf\u00fcllen werden.<br \/>Sicherheit und Konformit\u00e4t - CE-, IEC- und Batteriesicherheitsdokumente verringern das regulatorische Risiko f\u00fcr Installateure und Projekteigner.<br \/>Langlebigkeit im Feld - IP\/IK- und Korrosionstests sorgen daf\u00fcr, dass die Leuchten auch bei Regen, Staub und St\u00f6\u00dfen funktionieren.<\/p><h3>Umwelt<\/h3><p>Verantwortung - RoHS und Materialberichte zeigen, dass wir gef\u00e4hrliche Stoffe vermeiden.<br \/>Einfachere Beschaffung - Gepr\u00fcfte Berichte von Dritten vereinfachen die Abnahmepr\u00fcfung und technische Bewertung bei Ausschreibungen und Gro\u00dfprojekten.<\/p><p>Wir laden Sie herzlich ein, sich mit uns in Verbindung zu setzen und weitere Informationen \u00fcber unser Produkt und unser Unternehmen zu erhalten.<\/p>\t\t\t\t\t\t\t\t<\/div>\n\t\t\t\t<\/div>\n\t\t\t\t\t<\/div>\n\t\t\t\t<\/div>\n\t\t<div class=\"elementor-element elementor-element-416a5e0 e-flex e-con-boxed e-con e-parent\" data-id=\"416a5e0\" data-element_type=\"container\">\n\t\t\t\t\t<div class=\"e-con-inner\">\n\t\t\t\t<div class=\"elementor-element elementor-element-cca5be2 elementor-widget elementor-widget-image\" data-id=\"cca5be2\" data-element_type=\"widget\" data-widget_type=\"image.default\">\n\t\t\t\t<div class=\"elementor-widget-container\">\n\t\t\t\t\t\t\t\t\t\t\t\t\t\t\t<img fetchpriority=\"high\" decoding=\"async\" width=\"1464\" height=\"325\" src=\"https:\/\/www.sunpluspro.com\/wp-content\/uploads\/2025\/12\/1433_NjNirM8U.webp\" class=\"attachment-1536x1536 size-1536x1536 wp-image-1873\" alt=\"Zertifizierungen\" srcset=\"https:\/\/www.sunpluspro.com\/wp-content\/uploads\/2025\/12\/1433_NjNirM8U.webp 1464w, https:\/\/www.sunpluspro.com\/wp-content\/uploads\/2025\/12\/1433_NjNirM8U-300x67.webp 300w, https:\/\/www.sunpluspro.com\/wp-content\/uploads\/2025\/12\/1433_NjNirM8U-1024x227.webp 1024w, https:\/\/www.sunpluspro.com\/wp-content\/uploads\/2025\/12\/1433_NjNirM8U-768x170.webp 768w, https:\/\/www.sunpluspro.com\/wp-content\/uploads\/2025\/12\/1433_NjNirM8U-18x4.webp 18w\" sizes=\"(max-width: 1464px) 100vw, 1464px\" \/>\t\t\t\t\t\t\t\t\t\t\t\t\t\t\t<\/div>\n\t\t\t\t<\/div>\n\t\t\t\t\t<\/div>\n\t\t\t\t<\/div>\n\t\t\t\t<\/div>","protected":false},"excerpt":{"rendered":"<p>Certifications Why Certification Matters Sunplus Solar designs and manufactures high-performance solar lighting products for urban, community, and commercial projects, including integrated solar streetlights, 2-in-1 solar streetlights, and solar floodlights. Certification is more than just a badge; it proves that our products meet independent global standards covering safety, electrical performance, durability, efficiency, and environmental friendliness, allowing [&hellip;]<\/p>","protected":false},"author":1,"featured_media":0,"parent":0,"menu_order":0,"comment_status":"closed","ping_status":"closed","template":"","meta":{"_acf_changed":false,"site-sidebar-layout":"no-sidebar","site-content-layout":"page-builder","ast-site-content-layout":"full-width-container","site-content-style":"default","site-sidebar-style":"default","ast-global-header-display":"","ast-banner-title-visibility":"","ast-main-header-display":"","ast-hfb-above-header-display":"","ast-hfb-below-header-display":"","ast-hfb-mobile-header-display":"","site-post-title":"disabled","ast-breadcrumbs-content":"disabled","ast-featured-img":"disabled","footer-sml-layout":"","theme-transparent-header-meta":"default","adv-header-id-meta":"","stick-header-meta":"default","header-above-stick-meta":"","header-main-stick-meta":"","header-below-stick-meta":"","astra-migrate-meta-layouts":"set","ast-page-background-enabled":"default","ast-page-background-meta":{"desktop":{"background-color":"var(--ast-global-color-4)","background-image":"","background-repeat":"repeat","background-position":"center center","background-size":"auto","background-attachment":"scroll","background-type":"","background-media":"","overlay-type":"","overlay-color":"","overlay-opacity":"","overlay-gradient":""},"tablet":{"background-color":"","background-image":"","background-repeat":"repeat","background-position":"center center","background-size":"auto","background-attachment":"scroll","background-type":"","background-media":"","overlay-type":"","overlay-color":"","overlay-opacity":"","overlay-gradient":""},"mobile":{"background-color":"","background-image":"","background-repeat":"repeat","background-position":"center center","background-size":"auto","background-attachment":"scroll","background-type":"","background-media":"","overlay-type":"","overlay-color":"","overlay-opacity":"","overlay-gradient":""}},"ast-content-background-meta":{"desktop":{"background-color":"var(--ast-global-color-5)","background-image":"","background-repeat":"repeat","background-position":"center center","background-size":"auto","background-attachment":"scroll","background-type":"","background-media":"","overlay-type":"","overlay-color":"","overlay-opacity":"","overlay-gradient":""},"tablet":{"background-color":"var(--ast-global-color-5)","background-image":"","background-repeat":"repeat","background-position":"center center","background-size":"auto","background-attachment":"scroll","background-type":"","background-media":"","overlay-type":"","overlay-color":"","overlay-opacity":"","overlay-gradient":""},"mobile":{"background-color":"var(--ast-global-color-5)","background-image":"","background-repeat":"repeat","background-position":"center center","background-size":"auto","background-attachment":"scroll","background-type":"","background-media":"","overlay-type":"","overlay-color":"","overlay-opacity":"","overlay-gradient":""}},"footnotes":""},"class_list":["post-1647","page","type-page","status-publish","hentry"],"acf":[],"yoast_head":"<!-- This site is optimized with the Yoast SEO plugin v26.8 - https:\/\/yoast.com\/product\/yoast-seo-wordpress\/ -->\n<title>Certifications | Sunplus \u2014 Solar Street Light Manufacturer - SunplusPro<\/title>\n<meta name=\"description\" content=\"Sunplus keeps strict quality control with international certifications (ISO 9001, CE, RoHS) and third-party test reports. See our certificate gallery.\" \/>\n<meta name=\"robots\" content=\"index, follow, max-snippet:-1, max-image-preview:large, max-video-preview:-1\" \/>\n<link rel=\"canonical\" href=\"https:\/\/www.sunpluspro.com\/de\/certifications\/\" \/>\n<meta property=\"og:locale\" content=\"de_DE\" \/>\n<meta property=\"og:type\" content=\"article\" \/>\n<meta property=\"og:title\" content=\"Certifications | Sunplus \u2014 Solar Street Light Manufacturer - SunplusPro\" \/>\n<meta property=\"og:description\" content=\"Sunplus keeps strict quality control with international certifications (ISO 9001, CE, RoHS) and third-party test reports. See our certificate gallery.\" \/>\n<meta property=\"og:url\" content=\"https:\/\/www.sunpluspro.com\/de\/certifications\/\" \/>\n<meta property=\"og:site_name\" content=\"SunplusPro\" \/>\n<meta property=\"article:modified_time\" content=\"2025-12-11T13:07:33+00:00\" \/>\n<meta property=\"og:image\" content=\"https:\/\/www.sunpluspro.com\/wp-content\/uploads\/2025\/12\/1433_NjNirM8U.webp\" \/>\n\t<meta property=\"og:image:width\" content=\"1464\" \/>\n\t<meta property=\"og:image:height\" content=\"325\" \/>\n\t<meta property=\"og:image:type\" content=\"image\/webp\" \/>\n<meta name=\"twitter:card\" content=\"summary_large_image\" \/>\n<meta name=\"twitter:label1\" content=\"Gesch\u00e4tzte Lesezeit\" \/>\n\t<meta name=\"twitter:data1\" content=\"3\u00a0Minuten\" \/>\n<script type=\"application\/ld+json\" class=\"yoast-schema-graph\">{\"@context\":\"https:\/\/schema.org\",\"@graph\":[{\"@type\":\"WebPage\",\"@id\":\"https:\/\/www.sunpluspro.com\/certifications\/\",\"url\":\"https:\/\/www.sunpluspro.com\/certifications\/\",\"name\":\"Certifications | Sunplus \u2014 Solar Street Light Manufacturer - SunplusPro\",\"isPartOf\":{\"@id\":\"https:\/\/www.sunpluspro.com\/#website\"},\"primaryImageOfPage\":{\"@id\":\"https:\/\/www.sunpluspro.com\/certifications\/#primaryimage\"},\"image\":{\"@id\":\"https:\/\/www.sunpluspro.com\/certifications\/#primaryimage\"},\"thumbnailUrl\":\"http:\/\/www.sunpluspro.com\/wp-content\/uploads\/2025\/12\/1433_NjNirM8U.webp\",\"datePublished\":\"2025-10-14T01:07:43+00:00\",\"dateModified\":\"2025-12-11T13:07:33+00:00\",\"description\":\"Sunplus keeps strict quality control with international certifications (ISO 9001, CE, RoHS) and third-party test reports. See our certificate gallery.\",\"breadcrumb\":{\"@id\":\"https:\/\/www.sunpluspro.com\/certifications\/#breadcrumb\"},\"inLanguage\":\"de\",\"potentialAction\":[{\"@type\":\"ReadAction\",\"target\":[\"https:\/\/www.sunpluspro.com\/certifications\/\"]}]},{\"@type\":\"ImageObject\",\"inLanguage\":\"de\",\"@id\":\"https:\/\/www.sunpluspro.com\/certifications\/#primaryimage\",\"url\":\"http:\/\/www.sunpluspro.com\/wp-content\/uploads\/2025\/12\/1433_NjNirM8U.webp\",\"contentUrl\":\"http:\/\/www.sunpluspro.com\/wp-content\/uploads\/2025\/12\/1433_NjNirM8U.webp\"},{\"@type\":\"BreadcrumbList\",\"@id\":\"https:\/\/www.sunpluspro.com\/certifications\/#breadcrumb\",\"itemListElement\":[{\"@type\":\"ListItem\",\"position\":1,\"name\":\"\u9996\u9875\",\"item\":\"https:\/\/www.sunpluspro.com\/\"},{\"@type\":\"ListItem\",\"position\":2,\"name\":\"Certifications\"}]},{\"@type\":\"WebSite\",\"@id\":\"https:\/\/www.sunpluspro.com\/#website\",\"url\":\"https:\/\/www.sunpluspro.com\/\",\"name\":\"SunplusPro\",\"description\":\"Solar Street Lights Supplier\",\"publisher\":{\"@id\":\"https:\/\/www.sunpluspro.com\/#organization\"},\"alternateName\":\"SunplusPro\",\"potentialAction\":[{\"@type\":\"SearchAction\",\"target\":{\"@type\":\"EntryPoint\",\"urlTemplate\":\"https:\/\/www.sunpluspro.com\/?s={search_term_string}\"},\"query-input\":{\"@type\":\"PropertyValueSpecification\",\"valueRequired\":true,\"valueName\":\"search_term_string\"}}],\"inLanguage\":\"de\"},{\"@type\":\"Organization\",\"@id\":\"https:\/\/www.sunpluspro.com\/#organization\",\"name\":\"Haichen\",\"url\":\"https:\/\/www.sunpluspro.com\/\",\"logo\":{\"@type\":\"ImageObject\",\"inLanguage\":\"de\",\"@id\":\"https:\/\/www.sunpluspro.com\/#\/schema\/logo\/image\/\",\"url\":\"https:\/\/www.sunpluspro.com\/wp-content\/uploads\/2025\/12\/cropped-logo.png\",\"contentUrl\":\"https:\/\/www.sunpluspro.com\/wp-content\/uploads\/2025\/12\/cropped-logo.png\",\"width\":230,\"height\":70,\"caption\":\"Haichen\"},\"image\":{\"@id\":\"https:\/\/www.sunpluspro.com\/#\/schema\/logo\/image\/\"}}]}<\/script>\n<!-- \/ Yoast SEO plugin. -->","yoast_head_json":{"title":"Zertifizierungen | Sunplus - Hersteller von Solarstra\u00dfenleuchten - SunplusPro","description":"Sunplus unterh\u00e4lt eine strenge Qualit\u00e4tskontrolle mit internationalen Zertifizierungen (ISO 9001, CE, RoHS) und Pr\u00fcfberichten Dritter. Siehe unsere Zertifikatsgalerie.","robots":{"index":"index","follow":"follow","max-snippet":"max-snippet:-1","max-image-preview":"max-image-preview:large","max-video-preview":"max-video-preview:-1"},"canonical":"https:\/\/www.sunpluspro.com\/de\/certifications\/","og_locale":"de_DE","og_type":"article","og_title":"Certifications | Sunplus \u2014 Solar Street Light Manufacturer - SunplusPro","og_description":"Sunplus keeps strict quality control with international certifications (ISO 9001, CE, RoHS) and third-party test reports. See our certificate gallery.","og_url":"https:\/\/www.sunpluspro.com\/de\/certifications\/","og_site_name":"SunplusPro","article_modified_time":"2025-12-11T13:07:33+00:00","og_image":[{"width":1464,"height":325,"url":"https:\/\/www.sunpluspro.com\/wp-content\/uploads\/2025\/12\/1433_NjNirM8U.webp","type":"image\/webp"}],"twitter_card":"summary_large_image","twitter_misc":{"Gesch\u00e4tzte Lesezeit":"3\u00a0Minuten"},"schema":{"@context":"https:\/\/schema.org","@graph":[{"@type":"WebPage","@id":"https:\/\/www.sunpluspro.com\/certifications\/","url":"https:\/\/www.sunpluspro.com\/certifications\/","name":"Zertifizierungen | Sunplus - Hersteller von Solarstra\u00dfenleuchten - SunplusPro","isPartOf":{"@id":"https:\/\/www.sunpluspro.com\/#website"},"primaryImageOfPage":{"@id":"https:\/\/www.sunpluspro.com\/certifications\/#primaryimage"},"image":{"@id":"https:\/\/www.sunpluspro.com\/certifications\/#primaryimage"},"thumbnailUrl":"http:\/\/www.sunpluspro.com\/wp-content\/uploads\/2025\/12\/1433_NjNirM8U.webp","datePublished":"2025-10-14T01:07:43+00:00","dateModified":"2025-12-11T13:07:33+00:00","description":"Sunplus unterh\u00e4lt eine strenge Qualit\u00e4tskontrolle mit internationalen Zertifizierungen (ISO 9001, CE, RoHS) und Pr\u00fcfberichten Dritter. Siehe unsere Zertifikatsgalerie.","breadcrumb":{"@id":"https:\/\/www.sunpluspro.com\/certifications\/#breadcrumb"},"inLanguage":"de","potentialAction":[{"@type":"ReadAction","target":["https:\/\/www.sunpluspro.com\/certifications\/"]}]},{"@type":"ImageObject","inLanguage":"de","@id":"https:\/\/www.sunpluspro.com\/certifications\/#primaryimage","url":"http:\/\/www.sunpluspro.com\/wp-content\/uploads\/2025\/12\/1433_NjNirM8U.webp","contentUrl":"http:\/\/www.sunpluspro.com\/wp-content\/uploads\/2025\/12\/1433_NjNirM8U.webp"},{"@type":"BreadcrumbList","@id":"https:\/\/www.sunpluspro.com\/certifications\/#breadcrumb","itemListElement":[{"@type":"ListItem","position":1,"name":"\u9996\u9875","item":"https:\/\/www.sunpluspro.com\/"},{"@type":"ListItem","position":2,"name":"Certifications"}]},{"@type":"WebSite","@id":"https:\/\/www.sunpluspro.com\/#website","url":"https:\/\/www.sunpluspro.com\/","name":"SunplusPro","description":"Lieferant von Solar-Stra\u00dfenlampen","publisher":{"@id":"https:\/\/www.sunpluspro.com\/#organization"},"alternateName":"SunplusPro","potentialAction":[{"@type":"SearchAction","target":{"@type":"EntryPoint","urlTemplate":"https:\/\/www.sunpluspro.com\/?s={search_term_string}"},"query-input":{"@type":"PropertyValueSpecification","valueRequired":true,"valueName":"search_term_string"}}],"inLanguage":"de"},{"@type":"Organization","@id":"https:\/\/www.sunpluspro.com\/#organization","name":"Haichen","url":"https:\/\/www.sunpluspro.com\/","logo":{"@type":"ImageObject","inLanguage":"de","@id":"https:\/\/www.sunpluspro.com\/#\/schema\/logo\/image\/","url":"https:\/\/www.sunpluspro.com\/wp-content\/uploads\/2025\/12\/cropped-logo.png","contentUrl":"https:\/\/www.sunpluspro.com\/wp-content\/uploads\/2025\/12\/cropped-logo.png","width":230,"height":70,"caption":"Haichen"},"image":{"@id":"https:\/\/www.sunpluspro.com\/#\/schema\/logo\/image\/"}}]}},"_links":{"self":[{"href":"https:\/\/www.sunpluspro.com\/de\/wp-json\/wp\/v2\/pages\/1647","targetHints":{"allow":["GET"]}}],"collection":[{"href":"https:\/\/www.sunpluspro.com\/de\/wp-json\/wp\/v2\/pages"}],"about":[{"href":"https:\/\/www.sunpluspro.com\/de\/wp-json\/wp\/v2\/types\/page"}],"author":[{"embeddable":true,"href":"https:\/\/www.sunpluspro.com\/de\/wp-json\/wp\/v2\/users\/1"}],"replies":[{"embeddable":true,"href":"https:\/\/www.sunpluspro.com\/de\/wp-json\/wp\/v2\/comments?post=1647"}],"version-history":[{"count":20,"href":"https:\/\/www.sunpluspro.com\/de\/wp-json\/wp\/v2\/pages\/1647\/revisions"}],"predecessor-version":[{"id":1889,"href":"https:\/\/www.sunpluspro.com\/de\/wp-json\/wp\/v2\/pages\/1647\/revisions\/1889"}],"wp:attachment":[{"href":"https:\/\/www.sunpluspro.com\/de\/wp-json\/wp\/v2\/media?parent=1647"}],"curies":[{"name":"wp","href":"https:\/\/api.w.org\/{rel}","templated":true}]}}