{"id":1661,"date":"2025-10-14T09:18:29","date_gmt":"2025-10-14T01:18:29","guid":{"rendered":"http:\/\/www.tioxhua.com\/?page_id=1661"},"modified":"2025-12-11T21:01:46","modified_gmt":"2025-12-11T13:01:46","slug":"factory-workshops","status":"publish","type":"page","link":"https:\/\/www.sunpluspro.com\/de\/factory-workshops\/","title":{"rendered":"Werkst\u00e4tten"},"content":{"rendered":"<div data-elementor-type=\"wp-page\" data-elementor-id=\"1661\" class=\"elementor elementor-1661\" data-elementor-post-type=\"page\">\n\t\t\t\t<div class=\"elementor-element elementor-element-9a3732f e-flex e-con-boxed e-con e-parent\" data-id=\"9a3732f\" data-element_type=\"container\">\n\t\t\t\t\t<div class=\"e-con-inner\">\n\t\t\t\t<div class=\"elementor-element elementor-element-c60d5a9 elementor-widget elementor-widget-heading\" data-id=\"c60d5a9\" data-element_type=\"widget\" data-widget_type=\"heading.default\">\n\t\t\t\t<div class=\"elementor-widget-container\">\n\t\t\t\t\t<h1 class=\"elementor-heading-title elementor-size-default\">Werkst\u00e4tten<\/h1>\t\t\t\t<\/div>\n\t\t\t\t<\/div>\n\t\t\t\t\t<\/div>\n\t\t\t\t<\/div>\n\t\t<div class=\"elementor-element elementor-element-c1c1513 e-flex e-con-boxed e-con e-parent\" data-id=\"c1c1513\" data-element_type=\"container\">\n\t\t\t\t\t<div class=\"e-con-inner\">\n\t\t\t\t<div class=\"elementor-element elementor-element-66025cc elementor-widget elementor-widget-text-editor\" data-id=\"66025cc\" data-element_type=\"widget\" data-widget_type=\"text-editor.default\">\n\t\t\t\t<div class=\"elementor-widget-container\">\n\t\t\t\t\t\t\t\t\t<p data-start=\"54\" data-end=\"583\">Der Hauptsitz von Sunplus Solar befindet sich in Wuhan, einem wichtigen Industrie- und Logistikzentrum in Zentralchina. Wir verf\u00fcgen \u00fcber mehrere spezialisierte Produktionslinien, die sich mit der Entwicklung, Herstellung, Montage und Pr\u00fcfung von integrierten Solar-Stra\u00dfenlampen, Solar-Stra\u00dfenlampen mit Doppelnutzung, Solar-Flutlichtern und anderen Leuchten besch\u00e4ftigen. Unser Werk ist mit modernen Produktionsanlagen, einem eigenen Forschungs- und Entwicklungslabor und einem strengen Qualit\u00e4tskontrollsystem ausgestattet und bietet zuverl\u00e4ssige Beleuchtungsl\u00f6sungen f\u00fcr kommunale, gewerbliche und industrielle Projekte weltweit.<\/p><h3>Ausr\u00fcstung und Technologie<\/h3><p>Sunplus Solar investiert in modernste Fertigungsanlagen und Automatisierung, um die Qualit\u00e4t und Konsistenz zu verbessern. Zu den Schl\u00fcsseltechnologien in den Werkst\u00e4tten geh\u00f6ren CNC-Bearbeitungszentren, Komponententester, LED-Lumenpr\u00fcfst\u00e4nde und Umweltpr\u00fcfkammern. Unsere Produktionsprozesse werden durch Datenerfassung und Lean Best Practices kontinuierlich optimiert, um Fehler zu reduzieren und den Durchsatz zu verbessern.<\/p><h3>Qualit\u00e4tskontrolle und Pr\u00fcfung<\/h3><p>Die Qualit\u00e4t wird w\u00e4hrend der gesamten Produktion durchgesetzt - nicht nur am Ende. Unser Qualit\u00e4tskontrollprogramm umfasst:<\/p><h3>Eingehendes Material<\/h3><p>Inspektionen f\u00fcr Solarzellen, LED-Chips, Batterien und Befestigungselemente.<\/p><p>In-Prozess-Kontrollpunkte in kritischen Montagephasen.<\/p><p>Photometrische Tests (IES-Dateien), \u00dcberpr\u00fcfung des Lumen-Outputs und der Farbtemperatur.<\/p><h3>IP (Schutz gegen Eindringen)<\/h3><p>Simulationen, Vibrationstests, Salzspr\u00fchnebeltests und UV-Alterungstests zur \u00dcberpr\u00fcfung der Haltbarkeit im Freien.<\/p><p>Pr\u00fcfung der Batteriesicherheit und der Lade-\/Entladezyklen.<\/p><p>Abschlie\u00dfende Funktionspr\u00fcfung und Einbrennen vor dem Versand.<\/p><p>Wir f\u00fchren r\u00fcckverfolgbare Chargenprotokolle und k\u00f6nnen Pr\u00fcfberichte f\u00fcr Beschaffungen und Ausschreibungen erstellen.<\/p><h3>Labor f\u00fcr Forschung und Prototyping<\/h3><p>Wir verf\u00fcgen \u00fcber ein spezielles Forschungs- und Prototyping-Labor f\u00fcr die Entwicklung, das Prototyping, die Verbesserung, die Anpassung und die Pilotproduktion von neuen Produkten. Das Team konzentriert sich auf optische Optimierung, Energieverwaltungsalgorithmen (Maximum Power Point Tracking und Dimml\u00f6sungen), thermisches Design und Firmware-Stabilit\u00e4t, um die Lebensdauer der Produkte zu verl\u00e4ngern und die Energieeffizienz zu verbessern.<\/p><h3>Umwelt, Gesundheit und Sicherheit<\/h3><p>Als verantwortungsbewusster Hersteller h\u00e4lt sich unser Werk an die \u00f6rtlichen Umwelt- und Arbeitsschutzvorschriften. Wir gehen verantwortungsvoll mit Gefahrstoffen, Recycling und Abfallentsorgung um, sorgen f\u00fcr saubere Montagebereiche und setzen in allen Werkst\u00e4tten PSA und sichere Arbeitsverfahren durch.<\/p><h3>Kapazit\u00e4t und kundenspezifische Projekte<\/h3><p>Dank unseres modularen Werkstattlayouts k\u00f6nnen wir sowohl kontinuierliche Produktionsl\u00e4ufe als auch ma\u00dfgeschneiderte Projekte abwickeln. Ganz gleich, ob es sich um Standard-All-in-One-Produktlinien oder kundenspezifische Auftr\u00e4ge f\u00fcr kommunale Ausschreibungen handelt, wir k\u00f6nnen die Produktion skalieren und Werksabnahmepr\u00fcfungen, Musterqualifizierungen und auf die Beschaffungsanforderungen zugeschnittene Dokumentationspakete anbieten.<\/p><h3>Werksbesichtigungen und Kundenbesuche<\/h3><p>Wir laden qualifizierte Eink\u00e4ufer, Ingenieurteams und Beschaffungspr\u00fcfer ein, unser Werk nach Vereinbarung zu besuchen. Die Besichtigungen k\u00f6nnen eine Produktionsbegehung, Live-Testvorf\u00fchrungen und Zugang zu Produkttestberichten umfassen. Internationale Besucher unterst\u00fctzen wir bei der Terminplanung und logistischen Koordination.<\/p>\t\t\t\t\t\t\t\t<\/div>\n\t\t\t\t<\/div>\n\t\t\t\t\t<\/div>\n\t\t\t\t<\/div>\n\t\t<div class=\"elementor-element elementor-element-bce5a86 e-flex e-con-boxed e-con e-parent\" data-id=\"bce5a86\" data-element_type=\"container\">\n\t\t\t\t\t<div class=\"e-con-inner\">\n\t\t\t\t<div class=\"elementor-element elementor-element-f032d16 elementor-widget elementor-widget-image\" data-id=\"f032d16\" data-element_type=\"widget\" data-widget_type=\"image.default\">\n\t\t\t\t<div class=\"elementor-widget-container\">\n\t\t\t\t\t\t\t\t\t\t\t\t\t\t\t<img fetchpriority=\"high\" decoding=\"async\" width=\"1024\" height=\"670\" src=\"https:\/\/www.sunpluspro.com\/wp-content\/uploads\/2025\/12\/9608_Z7brPQwu-1024x670.webp\" class=\"attachment-large size-large wp-image-1877\" alt=\"Werkst\u00e4tten\" srcset=\"https:\/\/www.sunpluspro.com\/wp-content\/uploads\/2025\/12\/9608_Z7brPQwu-1024x670.webp 1024w, https:\/\/www.sunpluspro.com\/wp-content\/uploads\/2025\/12\/9608_Z7brPQwu-300x196.webp 300w, https:\/\/www.sunpluspro.com\/wp-content\/uploads\/2025\/12\/9608_Z7brPQwu-768x503.webp 768w, https:\/\/www.sunpluspro.com\/wp-content\/uploads\/2025\/12\/9608_Z7brPQwu-18x12.webp 18w, https:\/\/www.sunpluspro.com\/wp-content\/uploads\/2025\/12\/9608_Z7brPQwu.webp 1114w\" sizes=\"(max-width: 1024px) 100vw, 1024px\" \/>\t\t\t\t\t\t\t\t\t\t\t\t\t\t\t<\/div>\n\t\t\t\t<\/div>\n\t\t\t\t\t<\/div>\n\t\t\t\t<\/div>\n\t\t<div class=\"elementor-element elementor-element-933429f e-flex e-con-boxed e-con e-parent\" data-id=\"933429f\" data-element_type=\"container\">\n\t\t\t\t\t<div class=\"e-con-inner\">\n\t\t\t\t<div class=\"elementor-element elementor-element-3cf307a elementor-widget elementor-widget-image\" data-id=\"3cf307a\" data-element_type=\"widget\" data-widget_type=\"image.default\">\n\t\t\t\t<div class=\"elementor-widget-container\">\n\t\t\t\t\t\t\t\t\t\t\t\t\t\t\t<img decoding=\"async\" width=\"1024\" height=\"514\" src=\"https:\/\/www.sunpluspro.com\/wp-content\/uploads\/2025\/12\/2093_aSWSMeFz-1024x514.webp\" class=\"attachment-large size-large wp-image-1880\" alt=\"Werkst\u00e4tten\" srcset=\"https:\/\/www.sunpluspro.com\/wp-content\/uploads\/2025\/12\/2093_aSWSMeFz-1024x514.webp 1024w, https:\/\/www.sunpluspro.com\/wp-content\/uploads\/2025\/12\/2093_aSWSMeFz-300x150.webp 300w, https:\/\/www.sunpluspro.com\/wp-content\/uploads\/2025\/12\/2093_aSWSMeFz-768x385.webp 768w, https:\/\/www.sunpluspro.com\/wp-content\/uploads\/2025\/12\/2093_aSWSMeFz-18x9.webp 18w, https:\/\/www.sunpluspro.com\/wp-content\/uploads\/2025\/12\/2093_aSWSMeFz.webp 1286w\" sizes=\"(max-width: 1024px) 100vw, 1024px\" \/>\t\t\t\t\t\t\t\t\t\t\t\t\t\t\t<\/div>\n\t\t\t\t<\/div>\n\t\t\t\t\t<\/div>\n\t\t\t\t<\/div>\n\t\t<div class=\"elementor-element elementor-element-c709841 e-flex e-con-boxed e-con e-parent\" data-id=\"c709841\" data-element_type=\"container\">\n\t\t\t\t\t<div class=\"e-con-inner\">\n\t\t\t\t<div class=\"elementor-element elementor-element-fce1ed1 elementor-widget elementor-widget-image\" data-id=\"fce1ed1\" data-element_type=\"widget\" data-widget_type=\"image.default\">\n\t\t\t\t<div class=\"elementor-widget-container\">\n\t\t\t\t\t\t\t\t\t\t\t\t\t\t\t<img decoding=\"async\" width=\"1024\" height=\"434\" src=\"https:\/\/www.sunpluspro.com\/wp-content\/uploads\/2025\/12\/7977_PHX3EqF2-1024x434.webp\" class=\"attachment-large size-large wp-image-1879\" alt=\"Werkst\u00e4tten\" srcset=\"https:\/\/www.sunpluspro.com\/wp-content\/uploads\/2025\/12\/7977_PHX3EqF2-1024x434.webp 1024w, https:\/\/www.sunpluspro.com\/wp-content\/uploads\/2025\/12\/7977_PHX3EqF2-300x127.webp 300w, https:\/\/www.sunpluspro.com\/wp-content\/uploads\/2025\/12\/7977_PHX3EqF2-768x325.webp 768w, https:\/\/www.sunpluspro.com\/wp-content\/uploads\/2025\/12\/7977_PHX3EqF2-1536x650.webp 1536w, https:\/\/www.sunpluspro.com\/wp-content\/uploads\/2025\/12\/7977_PHX3EqF2-18x8.webp 18w, https:\/\/www.sunpluspro.com\/wp-content\/uploads\/2025\/12\/7977_PHX3EqF2.webp 1748w\" sizes=\"(max-width: 1024px) 100vw, 1024px\" \/>\t\t\t\t\t\t\t\t\t\t\t\t\t\t\t<\/div>\n\t\t\t\t<\/div>\n\t\t\t\t\t<\/div>\n\t\t\t\t<\/div>\n\t\t\t\t<\/div>","protected":false},"excerpt":{"rendered":"<p>Factory Workshops Sunplus Solar is headquartered in Wuhan, a major industrial and logistics hub in central China. We have multiple specialized production lines dedicated to the design, manufacturing, assembly, and testing of integrated solar streetlights, dual-use solar streetlights, solar floodlights, and other luminaires. Our factory is equipped with modern production facilities, an in-house R&amp;D laboratory, [&hellip;]<\/p>","protected":false},"author":1,"featured_media":0,"parent":0,"menu_order":0,"comment_status":"closed","ping_status":"closed","template":"","meta":{"_acf_changed":false,"site-sidebar-layout":"no-sidebar","site-content-layout":"page-builder","ast-site-content-layout":"full-width-container","site-content-style":"default","site-sidebar-style":"default","ast-global-header-display":"","ast-banner-title-visibility":"","ast-main-header-display":"","ast-hfb-above-header-display":"","ast-hfb-below-header-display":"","ast-hfb-mobile-header-display":"","site-post-title":"disabled","ast-breadcrumbs-content":"disabled","ast-featured-img":"disabled","footer-sml-layout":"","theme-transparent-header-meta":"default","adv-header-id-meta":"","stick-header-meta":"default","header-above-stick-meta":"","header-main-stick-meta":"","header-below-stick-meta":"","astra-migrate-meta-layouts":"set","ast-page-background-enabled":"default","ast-page-background-meta":{"desktop":{"background-color":"var(--ast-global-color-4)","background-image":"","background-repeat":"repeat","background-position":"center center","background-size":"auto","background-attachment":"scroll","background-type":"","background-media":"","overlay-type":"","overlay-color":"","overlay-opacity":"","overlay-gradient":""},"tablet":{"background-color":"","background-image":"","background-repeat":"repeat","background-position":"center center","background-size":"auto","background-attachment":"scroll","background-type":"","background-media":"","overlay-type":"","overlay-color":"","overlay-opacity":"","overlay-gradient":""},"mobile":{"background-color":"","background-image":"","background-repeat":"repeat","background-position":"center center","background-size":"auto","background-attachment":"scroll","background-type":"","background-media":"","overlay-type":"","overlay-color":"","overlay-opacity":"","overlay-gradient":""}},"ast-content-background-meta":{"desktop":{"background-color":"var(--ast-global-color-5)","background-image":"","background-repeat":"repeat","background-position":"center center","background-size":"auto","background-attachment":"scroll","background-type":"","background-media":"","overlay-type":"","overlay-color":"","overlay-opacity":"","overlay-gradient":""},"tablet":{"background-color":"var(--ast-global-color-5)","background-image":"","background-repeat":"repeat","background-position":"center center","background-size":"auto","background-attachment":"scroll","background-type":"","background-media":"","overlay-type":"","overlay-color":"","overlay-opacity":"","overlay-gradient":""},"mobile":{"background-color":"var(--ast-global-color-5)","background-image":"","background-repeat":"repeat","background-position":"center center","background-size":"auto","background-attachment":"scroll","background-type":"","background-media":"","overlay-type":"","overlay-color":"","overlay-opacity":"","overlay-gradient":""}},"footnotes":""},"class_list":["post-1661","page","type-page","status-publish","hentry"],"acf":[],"yoast_head":"<!-- This site is optimized with the Yoast SEO plugin v26.8 - https:\/\/yoast.com\/product\/yoast-seo-wordpress\/ -->\n<title>Factory &amp; Workshops \u2014 Wuhan Sunplus Solar Street Lights - SunplusPro<\/title>\n<meta name=\"description\" content=\"Wuhan Sunplus factory: full solar street light production \u2014 PV assembly, LiFePO4 battery assembly, IP &amp; lifetime testing, and custom OEM lines. Request visit.\" \/>\n<meta name=\"robots\" content=\"index, follow, max-snippet:-1, max-image-preview:large, max-video-preview:-1\" \/>\n<link rel=\"canonical\" href=\"https:\/\/www.sunpluspro.com\/de\/factory-workshops\/\" \/>\n<meta property=\"og:locale\" content=\"de_DE\" \/>\n<meta property=\"og:type\" content=\"article\" \/>\n<meta property=\"og:title\" content=\"Factory &amp; Workshops \u2014 Wuhan Sunplus Solar Street Lights - SunplusPro\" \/>\n<meta property=\"og:description\" content=\"Wuhan Sunplus factory: full solar street light production \u2014 PV assembly, LiFePO4 battery assembly, IP &amp; lifetime testing, and custom OEM lines. Request visit.\" \/>\n<meta property=\"og:url\" content=\"https:\/\/www.sunpluspro.com\/de\/factory-workshops\/\" \/>\n<meta property=\"og:site_name\" content=\"SunplusPro\" \/>\n<meta property=\"article:modified_time\" content=\"2025-12-11T13:01:46+00:00\" \/>\n<meta property=\"og:image\" content=\"https:\/\/www.sunpluspro.com\/wp-content\/uploads\/2025\/12\/9608_Z7brPQwu.webp\" \/>\n\t<meta property=\"og:image:width\" content=\"1114\" \/>\n\t<meta property=\"og:image:height\" content=\"729\" \/>\n\t<meta property=\"og:image:type\" content=\"image\/webp\" \/>\n<meta name=\"twitter:card\" content=\"summary_large_image\" \/>\n<meta name=\"twitter:label1\" content=\"Gesch\u00e4tzte Lesezeit\" \/>\n\t<meta name=\"twitter:data1\" content=\"3\u00a0Minuten\" \/>\n<script type=\"application\/ld+json\" class=\"yoast-schema-graph\">{\"@context\":\"https:\/\/schema.org\",\"@graph\":[{\"@type\":\"WebPage\",\"@id\":\"https:\/\/www.sunpluspro.com\/factory-workshops\/\",\"url\":\"https:\/\/www.sunpluspro.com\/factory-workshops\/\",\"name\":\"Factory & Workshops \u2014 Wuhan Sunplus Solar Street Lights - SunplusPro\",\"isPartOf\":{\"@id\":\"https:\/\/www.sunpluspro.com\/#website\"},\"primaryImageOfPage\":{\"@id\":\"https:\/\/www.sunpluspro.com\/factory-workshops\/#primaryimage\"},\"image\":{\"@id\":\"https:\/\/www.sunpluspro.com\/factory-workshops\/#primaryimage\"},\"thumbnailUrl\":\"http:\/\/www.sunpluspro.com\/wp-content\/uploads\/2025\/12\/9608_Z7brPQwu-1024x670.webp\",\"datePublished\":\"2025-10-14T01:18:29+00:00\",\"dateModified\":\"2025-12-11T13:01:46+00:00\",\"description\":\"Wuhan Sunplus factory: full solar street light production \u2014 PV assembly, LiFePO4 battery assembly, IP & lifetime testing, and custom OEM lines. Request visit.\",\"breadcrumb\":{\"@id\":\"https:\/\/www.sunpluspro.com\/factory-workshops\/#breadcrumb\"},\"inLanguage\":\"de\",\"potentialAction\":[{\"@type\":\"ReadAction\",\"target\":[\"https:\/\/www.sunpluspro.com\/factory-workshops\/\"]}]},{\"@type\":\"ImageObject\",\"inLanguage\":\"de\",\"@id\":\"https:\/\/www.sunpluspro.com\/factory-workshops\/#primaryimage\",\"url\":\"http:\/\/www.sunpluspro.com\/wp-content\/uploads\/2025\/12\/9608_Z7brPQwu-1024x670.webp\",\"contentUrl\":\"http:\/\/www.sunpluspro.com\/wp-content\/uploads\/2025\/12\/9608_Z7brPQwu-1024x670.webp\"},{\"@type\":\"BreadcrumbList\",\"@id\":\"https:\/\/www.sunpluspro.com\/factory-workshops\/#breadcrumb\",\"itemListElement\":[{\"@type\":\"ListItem\",\"position\":1,\"name\":\"\u9996\u9875\",\"item\":\"https:\/\/www.sunpluspro.com\/\"},{\"@type\":\"ListItem\",\"position\":2,\"name\":\"Factory Workshops\"}]},{\"@type\":\"WebSite\",\"@id\":\"https:\/\/www.sunpluspro.com\/#website\",\"url\":\"https:\/\/www.sunpluspro.com\/\",\"name\":\"SunplusPro\",\"description\":\"Solar Street Lights Supplier\",\"publisher\":{\"@id\":\"https:\/\/www.sunpluspro.com\/#organization\"},\"alternateName\":\"SunplusPro\",\"potentialAction\":[{\"@type\":\"SearchAction\",\"target\":{\"@type\":\"EntryPoint\",\"urlTemplate\":\"https:\/\/www.sunpluspro.com\/?s={search_term_string}\"},\"query-input\":{\"@type\":\"PropertyValueSpecification\",\"valueRequired\":true,\"valueName\":\"search_term_string\"}}],\"inLanguage\":\"de\"},{\"@type\":\"Organization\",\"@id\":\"https:\/\/www.sunpluspro.com\/#organization\",\"name\":\"Haichen\",\"url\":\"https:\/\/www.sunpluspro.com\/\",\"logo\":{\"@type\":\"ImageObject\",\"inLanguage\":\"de\",\"@id\":\"https:\/\/www.sunpluspro.com\/#\/schema\/logo\/image\/\",\"url\":\"https:\/\/www.sunpluspro.com\/wp-content\/uploads\/2025\/12\/cropped-logo.png\",\"contentUrl\":\"https:\/\/www.sunpluspro.com\/wp-content\/uploads\/2025\/12\/cropped-logo.png\",\"width\":230,\"height\":70,\"caption\":\"Haichen\"},\"image\":{\"@id\":\"https:\/\/www.sunpluspro.com\/#\/schema\/logo\/image\/\"}}]}<\/script>\n<!-- \/ Yoast SEO plugin. -->","yoast_head_json":{"title":"Fabrik &amp; Werkst\u00e4tten - Wuhan Sunplus Solar-Stra\u00dfenleuchten - SunplusPro","description":"Wuhan Sunplus Fabrik: Komplette Produktion von Solar-Stra\u00dfenlampen - PV-Montage, LiFePO4-Batterie-Montage, IP- und Lebensdauer-Tests und kundenspezifische OEM-Linien. Besuch anfordern.","robots":{"index":"index","follow":"follow","max-snippet":"max-snippet:-1","max-image-preview":"max-image-preview:large","max-video-preview":"max-video-preview:-1"},"canonical":"https:\/\/www.sunpluspro.com\/de\/factory-workshops\/","og_locale":"de_DE","og_type":"article","og_title":"Factory & Workshops \u2014 Wuhan Sunplus Solar Street Lights - SunplusPro","og_description":"Wuhan Sunplus factory: full solar street light production \u2014 PV assembly, LiFePO4 battery assembly, IP & lifetime testing, and custom OEM lines. Request visit.","og_url":"https:\/\/www.sunpluspro.com\/de\/factory-workshops\/","og_site_name":"SunplusPro","article_modified_time":"2025-12-11T13:01:46+00:00","og_image":[{"width":1114,"height":729,"url":"https:\/\/www.sunpluspro.com\/wp-content\/uploads\/2025\/12\/9608_Z7brPQwu.webp","type":"image\/webp"}],"twitter_card":"summary_large_image","twitter_misc":{"Gesch\u00e4tzte Lesezeit":"3\u00a0Minuten"},"schema":{"@context":"https:\/\/schema.org","@graph":[{"@type":"WebPage","@id":"https:\/\/www.sunpluspro.com\/factory-workshops\/","url":"https:\/\/www.sunpluspro.com\/factory-workshops\/","name":"Fabrik &amp; Werkst\u00e4tten - Wuhan Sunplus Solar-Stra\u00dfenleuchten - SunplusPro","isPartOf":{"@id":"https:\/\/www.sunpluspro.com\/#website"},"primaryImageOfPage":{"@id":"https:\/\/www.sunpluspro.com\/factory-workshops\/#primaryimage"},"image":{"@id":"https:\/\/www.sunpluspro.com\/factory-workshops\/#primaryimage"},"thumbnailUrl":"http:\/\/www.sunpluspro.com\/wp-content\/uploads\/2025\/12\/9608_Z7brPQwu-1024x670.webp","datePublished":"2025-10-14T01:18:29+00:00","dateModified":"2025-12-11T13:01:46+00:00","description":"Wuhan Sunplus Fabrik: Komplette Produktion von Solar-Stra\u00dfenlampen - PV-Montage, LiFePO4-Batterie-Montage, IP- und Lebensdauer-Tests und kundenspezifische OEM-Linien. Besuch anfordern.","breadcrumb":{"@id":"https:\/\/www.sunpluspro.com\/factory-workshops\/#breadcrumb"},"inLanguage":"de","potentialAction":[{"@type":"ReadAction","target":["https:\/\/www.sunpluspro.com\/factory-workshops\/"]}]},{"@type":"ImageObject","inLanguage":"de","@id":"https:\/\/www.sunpluspro.com\/factory-workshops\/#primaryimage","url":"http:\/\/www.sunpluspro.com\/wp-content\/uploads\/2025\/12\/9608_Z7brPQwu-1024x670.webp","contentUrl":"http:\/\/www.sunpluspro.com\/wp-content\/uploads\/2025\/12\/9608_Z7brPQwu-1024x670.webp"},{"@type":"BreadcrumbList","@id":"https:\/\/www.sunpluspro.com\/factory-workshops\/#breadcrumb","itemListElement":[{"@type":"ListItem","position":1,"name":"\u9996\u9875","item":"https:\/\/www.sunpluspro.com\/"},{"@type":"ListItem","position":2,"name":"Factory Workshops"}]},{"@type":"WebSite","@id":"https:\/\/www.sunpluspro.com\/#website","url":"https:\/\/www.sunpluspro.com\/","name":"SunplusPro","description":"Lieferant von Solar-Stra\u00dfenlampen","publisher":{"@id":"https:\/\/www.sunpluspro.com\/#organization"},"alternateName":"SunplusPro","potentialAction":[{"@type":"SearchAction","target":{"@type":"EntryPoint","urlTemplate":"https:\/\/www.sunpluspro.com\/?s={search_term_string}"},"query-input":{"@type":"PropertyValueSpecification","valueRequired":true,"valueName":"search_term_string"}}],"inLanguage":"de"},{"@type":"Organization","@id":"https:\/\/www.sunpluspro.com\/#organization","name":"Haichen","url":"https:\/\/www.sunpluspro.com\/","logo":{"@type":"ImageObject","inLanguage":"de","@id":"https:\/\/www.sunpluspro.com\/#\/schema\/logo\/image\/","url":"https:\/\/www.sunpluspro.com\/wp-content\/uploads\/2025\/12\/cropped-logo.png","contentUrl":"https:\/\/www.sunpluspro.com\/wp-content\/uploads\/2025\/12\/cropped-logo.png","width":230,"height":70,"caption":"Haichen"},"image":{"@id":"https:\/\/www.sunpluspro.com\/#\/schema\/logo\/image\/"}}]}},"_links":{"self":[{"href":"https:\/\/www.sunpluspro.com\/de\/wp-json\/wp\/v2\/pages\/1661","targetHints":{"allow":["GET"]}}],"collection":[{"href":"https:\/\/www.sunpluspro.com\/de\/wp-json\/wp\/v2\/pages"}],"about":[{"href":"https:\/\/www.sunpluspro.com\/de\/wp-json\/wp\/v2\/types\/page"}],"author":[{"embeddable":true,"href":"https:\/\/www.sunpluspro.com\/de\/wp-json\/wp\/v2\/users\/1"}],"replies":[{"embeddable":true,"href":"https:\/\/www.sunpluspro.com\/de\/wp-json\/wp\/v2\/comments?post=1661"}],"version-history":[{"count":17,"href":"https:\/\/www.sunpluspro.com\/de\/wp-json\/wp\/v2\/pages\/1661\/revisions"}],"predecessor-version":[{"id":1886,"href":"https:\/\/www.sunpluspro.com\/de\/wp-json\/wp\/v2\/pages\/1661\/revisions\/1886"}],"wp:attachment":[{"href":"https:\/\/www.sunpluspro.com\/de\/wp-json\/wp\/v2\/media?parent=1661"}],"curies":[{"name":"wp","href":"https:\/\/api.w.org\/{rel}","templated":true}]}}