{"id":1647,"date":"2025-10-14T09:07:43","date_gmt":"2025-10-14T01:07:43","guid":{"rendered":"http:\/\/www.tioxhua.com\/?page_id=1647"},"modified":"2025-12-11T21:07:33","modified_gmt":"2025-12-11T13:07:33","slug":"certifications","status":"publish","type":"page","link":"https:\/\/www.sunpluspro.com\/fr\/certifications\/","title":{"rendered":"Certifications"},"content":{"rendered":"<div data-elementor-type=\"wp-page\" data-elementor-id=\"1647\" class=\"elementor elementor-1647\" data-elementor-post-type=\"page\">\n\t\t\t\t<div class=\"elementor-element elementor-element-744433a e-flex e-con-boxed e-con e-parent\" data-id=\"744433a\" data-element_type=\"container\">\n\t\t\t\t\t<div class=\"e-con-inner\">\n\t\t\t\t<div class=\"elementor-element elementor-element-83af712 elementor-widget elementor-widget-heading\" data-id=\"83af712\" data-element_type=\"widget\" data-widget_type=\"heading.default\">\n\t\t\t\t<div class=\"elementor-widget-container\">\n\t\t\t\t\t<h1 class=\"elementor-heading-title elementor-size-default\">Certifications<\/h1>\t\t\t\t<\/div>\n\t\t\t\t<\/div>\n\t\t\t\t\t<\/div>\n\t\t\t\t<\/div>\n\t\t<div class=\"elementor-element elementor-element-8ed2d13 e-flex e-con-boxed e-con e-parent\" data-id=\"8ed2d13\" data-element_type=\"container\">\n\t\t\t\t\t<div class=\"e-con-inner\">\n\t\t\t\t<div class=\"elementor-element elementor-element-e571d4b elementor-widget elementor-widget-text-editor\" data-id=\"e571d4b\" data-element_type=\"widget\" data-widget_type=\"text-editor.default\">\n\t\t\t\t<div class=\"elementor-widget-container\">\n\t\t\t\t\t\t\t\t\t<h3>L'importance de la certification<\/h3><p>Sunplus Solar con\u00e7oit et fabrique des produits d'\u00e9clairage solaire de haute performance pour les projets urbains, communautaires et commerciaux, notamment des lampadaires solaires int\u00e9gr\u00e9s, des lampadaires solaires 2-en-1 et des projecteurs solaires. La certification est plus qu'un simple badge ; elle prouve que nos produits r\u00e9pondent \u00e0 des normes mondiales ind\u00e9pendantes en mati\u00e8re de s\u00e9curit\u00e9, de performances \u00e9lectriques, de durabilit\u00e9, d'efficacit\u00e9 et de respect de l'environnement, ce qui permet aux clients de nous choisir en toute confiance.<\/p><h3>Notre philosophie en mati\u00e8re de certification<\/h3><p>Sunplus Solar poss\u00e8de un syst\u00e8me complet de gestion de la qualit\u00e9, comprenant des proc\u00e9dures et des normes de test internes compl\u00e8tes et rigoureuses. Nous avons \u00e9galement des laboratoires ind\u00e9pendants qui effectuent des tests et des inspections sur nos produits et nos usines. Ces tests portent sur la s\u00e9curit\u00e9 du produit, la compatibilit\u00e9 \u00e9lectromagn\u00e9tique, l'indice de protection, les performances photom\u00e9triques, la capacit\u00e9 de la batterie, la dur\u00e9e d'\u00e9clairage, les tests au brouillard salin, les tests de chute, les tests de r\u00e9sistance aux chocs, etc. Dans la mesure du possible, nous publions des copies num\u00e9ris\u00e9es des certificats, des rapports d'essai et des documents d'inspection des usines afin que nos clients puissent rapidement v\u00e9rifier nos affirmations.<\/p><h3>Certifications et rapports d'essai typiques<\/h3><p>ISO 9001:2015 - Syst\u00e8me de gestion de la qualit\u00e9<br \/>D\u00e9montre des processus de fabrication coh\u00e9rents et une am\u00e9lioration continue.<\/p><p>Marquage CE (UE)<\/p><p>D\u00e9clare la conformit\u00e9 aux exigences europ\u00e9ennes en mati\u00e8re de s\u00e9curit\u00e9, de sant\u00e9 et de protection de l'environnement pour les \u00e9quipements \u00e9lectriques.<\/p><p>RoHS (Restriction of Hazardous Substances)<br \/>Confirme que les composants et les mat\u00e9riaux sont conformes aux limites fix\u00e9es pour le plomb, le mercure, le cadmium et d'autres substances r\u00e9glement\u00e9es.<\/p><p>Normes IEC \/ EN<\/p><p>(\u00e9clairage et luminaires)<br \/>Les normes les plus courantes sont la CEI 60598 pour les luminaires et la CEI 62471 pour la s\u00e9curit\u00e9 photobiologique.<\/p><p>LM-80 \/ TM-21 - Maintenance des lumens des LED<br \/>Mesure ind\u00e9pendante de la d\u00e9pr\u00e9ciation du flux lumineux des LED, utilis\u00e9e pour estimer le rendement lumineux et la dur\u00e9e de vie \u00e0 long terme.<\/p><p>Indices IP et IK (protection contre les agressions et les chocs)<br \/>Caract\u00e9ristiques typiques de l'\u00e9clairage solaire ext\u00e9rieur : IP65 \/ IP66 (protection contre la poussi\u00e8re et l'eau) et IK08 (r\u00e9sistance aux chocs).<\/p><p>EMC \/ FCC \/ EN 55015<br \/>Rapports sur la compatibilit\u00e9 \u00e9lectromagn\u00e9tique (EMI\/EMC) pour s'assurer que le produit n'interf\u00e8re pas avec d'autres appareils.<\/p><p>Rapports T\u00dcV \/ SGS \/ Intertek<br \/>Rapports d'essais de s\u00e9curit\u00e9, de performance et de mat\u00e9riaux r\u00e9alis\u00e9s par des laboratoires internationaux reconnus.<\/p><h3>Essais au brouillard salin \/ corrosion<\/h3><p>Pour les environnements c\u00f4tiers ou difficiles, certifie le rev\u00eatement et la r\u00e9sistance \u00e0 la corrosion des bo\u00eetiers et du mat\u00e9riel de montage.<\/p><h3>S\u00e9curit\u00e9 des batteries et UN38.3<\/h3><p>Essais de s\u00e9curit\u00e9 et qualification pour le transport des batteries au lithium utilis\u00e9es dans les syst\u00e8mes d'\u00e9clairage solaire.<\/p><h3>Ce que ces certifications signifient pour vous<\/h3><p>Des performances fiables - Les rapports photom\u00e9triques et de maintenance des lumens des LED (LM-80\/TM-21) permettent de pr\u00e9voir pendant combien de temps vos \u00e9clairages atteindront les niveaux de lux requis.<br \/>S\u00e9curit\u00e9 et conformit\u00e9 - Les documents de s\u00e9curit\u00e9 CE, IEC et batterie r\u00e9duisent les risques r\u00e9glementaires pour les installateurs et les ma\u00eetres d'ouvrage.<br \/>Durabilit\u00e9 sur le terrain - Les tests IP\/IK et de corrosion permettent aux lampes de continuer \u00e0 fonctionner malgr\u00e9 la pluie, la poussi\u00e8re et les chocs.<\/p><h3>Environnement<\/h3><p>responsabilit\u00e9 - les rapports sur la directive RoHS et les mat\u00e9riaux montrent que nous \u00e9vitons les substances dangereuses.<br \/>Faciliter la passation des march\u00e9s - Les rapports v\u00e9rifi\u00e9s d'une tierce partie simplifient les tests d'acceptation et l'\u00e9valuation technique des appels d'offres et des grands projets.<\/p><p>Nous vous invitons \u00e0 nous contacter pour obtenir de plus amples informations sur nos produits et notre soci\u00e9t\u00e9.<\/p>\t\t\t\t\t\t\t\t<\/div>\n\t\t\t\t<\/div>\n\t\t\t\t\t<\/div>\n\t\t\t\t<\/div>\n\t\t<div class=\"elementor-element elementor-element-416a5e0 e-flex e-con-boxed e-con e-parent\" data-id=\"416a5e0\" data-element_type=\"container\">\n\t\t\t\t\t<div class=\"e-con-inner\">\n\t\t\t\t<div class=\"elementor-element elementor-element-cca5be2 elementor-widget elementor-widget-image\" data-id=\"cca5be2\" data-element_type=\"widget\" data-widget_type=\"image.default\">\n\t\t\t\t<div class=\"elementor-widget-container\">\n\t\t\t\t\t\t\t\t\t\t\t\t\t\t\t<img fetchpriority=\"high\" decoding=\"async\" width=\"1464\" height=\"325\" src=\"https:\/\/www.sunpluspro.com\/wp-content\/uploads\/2025\/12\/1433_NjNirM8U.webp\" class=\"attachment-1536x1536 size-1536x1536 wp-image-1873\" alt=\"Certifications\" srcset=\"https:\/\/www.sunpluspro.com\/wp-content\/uploads\/2025\/12\/1433_NjNirM8U.webp 1464w, https:\/\/www.sunpluspro.com\/wp-content\/uploads\/2025\/12\/1433_NjNirM8U-300x67.webp 300w, https:\/\/www.sunpluspro.com\/wp-content\/uploads\/2025\/12\/1433_NjNirM8U-1024x227.webp 1024w, https:\/\/www.sunpluspro.com\/wp-content\/uploads\/2025\/12\/1433_NjNirM8U-768x170.webp 768w, https:\/\/www.sunpluspro.com\/wp-content\/uploads\/2025\/12\/1433_NjNirM8U-18x4.webp 18w\" sizes=\"(max-width: 1464px) 100vw, 1464px\" \/>\t\t\t\t\t\t\t\t\t\t\t\t\t\t\t<\/div>\n\t\t\t\t<\/div>\n\t\t\t\t\t<\/div>\n\t\t\t\t<\/div>\n\t\t\t\t<\/div>","protected":false},"excerpt":{"rendered":"<p>Certifications Why Certification Matters Sunplus Solar designs and manufactures high-performance solar lighting products for urban, community, and commercial projects, including integrated solar streetlights, 2-in-1 solar streetlights, and solar floodlights. Certification is more than just a badge; it proves that our products meet independent global standards covering safety, electrical performance, durability, efficiency, and environmental friendliness, allowing [&hellip;]<\/p>","protected":false},"author":1,"featured_media":0,"parent":0,"menu_order":0,"comment_status":"closed","ping_status":"closed","template":"","meta":{"_acf_changed":false,"site-sidebar-layout":"no-sidebar","site-content-layout":"page-builder","ast-site-content-layout":"full-width-container","site-content-style":"default","site-sidebar-style":"default","ast-global-header-display":"","ast-banner-title-visibility":"","ast-main-header-display":"","ast-hfb-above-header-display":"","ast-hfb-below-header-display":"","ast-hfb-mobile-header-display":"","site-post-title":"disabled","ast-breadcrumbs-content":"disabled","ast-featured-img":"disabled","footer-sml-layout":"","theme-transparent-header-meta":"default","adv-header-id-meta":"","stick-header-meta":"default","header-above-stick-meta":"","header-main-stick-meta":"","header-below-stick-meta":"","astra-migrate-meta-layouts":"set","ast-page-background-enabled":"default","ast-page-background-meta":{"desktop":{"background-color":"var(--ast-global-color-4)","background-image":"","background-repeat":"repeat","background-position":"center center","background-size":"auto","background-attachment":"scroll","background-type":"","background-media":"","overlay-type":"","overlay-color":"","overlay-opacity":"","overlay-gradient":""},"tablet":{"background-color":"","background-image":"","background-repeat":"repeat","background-position":"center center","background-size":"auto","background-attachment":"scroll","background-type":"","background-media":"","overlay-type":"","overlay-color":"","overlay-opacity":"","overlay-gradient":""},"mobile":{"background-color":"","background-image":"","background-repeat":"repeat","background-position":"center center","background-size":"auto","background-attachment":"scroll","background-type":"","background-media":"","overlay-type":"","overlay-color":"","overlay-opacity":"","overlay-gradient":""}},"ast-content-background-meta":{"desktop":{"background-color":"var(--ast-global-color-5)","background-image":"","background-repeat":"repeat","background-position":"center center","background-size":"auto","background-attachment":"scroll","background-type":"","background-media":"","overlay-type":"","overlay-color":"","overlay-opacity":"","overlay-gradient":""},"tablet":{"background-color":"var(--ast-global-color-5)","background-image":"","background-repeat":"repeat","background-position":"center center","background-size":"auto","background-attachment":"scroll","background-type":"","background-media":"","overlay-type":"","overlay-color":"","overlay-opacity":"","overlay-gradient":""},"mobile":{"background-color":"var(--ast-global-color-5)","background-image":"","background-repeat":"repeat","background-position":"center center","background-size":"auto","background-attachment":"scroll","background-type":"","background-media":"","overlay-type":"","overlay-color":"","overlay-opacity":"","overlay-gradient":""}},"footnotes":""},"class_list":["post-1647","page","type-page","status-publish","hentry"],"acf":[],"yoast_head":"<!-- This site is optimized with the Yoast SEO plugin v26.8 - https:\/\/yoast.com\/product\/yoast-seo-wordpress\/ -->\n<title>Certifications | Sunplus \u2014 Solar Street Light Manufacturer - SunplusPro<\/title>\n<meta name=\"description\" content=\"Sunplus keeps strict quality control with international certifications (ISO 9001, CE, RoHS) and third-party test reports. See our certificate gallery.\" \/>\n<meta name=\"robots\" content=\"index, follow, max-snippet:-1, max-image-preview:large, max-video-preview:-1\" \/>\n<link rel=\"canonical\" href=\"https:\/\/www.sunpluspro.com\/fr\/certifications\/\" \/>\n<meta property=\"og:locale\" content=\"fr_FR\" \/>\n<meta property=\"og:type\" content=\"article\" \/>\n<meta property=\"og:title\" content=\"Certifications | Sunplus \u2014 Solar Street Light Manufacturer - SunplusPro\" \/>\n<meta property=\"og:description\" content=\"Sunplus keeps strict quality control with international certifications (ISO 9001, CE, RoHS) and third-party test reports. See our certificate gallery.\" \/>\n<meta property=\"og:url\" content=\"https:\/\/www.sunpluspro.com\/fr\/certifications\/\" \/>\n<meta property=\"og:site_name\" content=\"SunplusPro\" \/>\n<meta property=\"article:modified_time\" content=\"2025-12-11T13:07:33+00:00\" \/>\n<meta property=\"og:image\" content=\"https:\/\/www.sunpluspro.com\/wp-content\/uploads\/2025\/12\/1433_NjNirM8U.webp\" \/>\n\t<meta property=\"og:image:width\" content=\"1464\" \/>\n\t<meta property=\"og:image:height\" content=\"325\" \/>\n\t<meta property=\"og:image:type\" content=\"image\/webp\" \/>\n<meta name=\"twitter:card\" content=\"summary_large_image\" \/>\n<meta name=\"twitter:label1\" content=\"Dur\u00e9e de lecture estim\u00e9e\" \/>\n\t<meta name=\"twitter:data1\" content=\"3 minutes\" \/>\n<script type=\"application\/ld+json\" class=\"yoast-schema-graph\">{\"@context\":\"https:\/\/schema.org\",\"@graph\":[{\"@type\":\"WebPage\",\"@id\":\"https:\/\/www.sunpluspro.com\/certifications\/\",\"url\":\"https:\/\/www.sunpluspro.com\/certifications\/\",\"name\":\"Certifications | Sunplus \u2014 Solar Street Light Manufacturer - SunplusPro\",\"isPartOf\":{\"@id\":\"https:\/\/www.sunpluspro.com\/#website\"},\"primaryImageOfPage\":{\"@id\":\"https:\/\/www.sunpluspro.com\/certifications\/#primaryimage\"},\"image\":{\"@id\":\"https:\/\/www.sunpluspro.com\/certifications\/#primaryimage\"},\"thumbnailUrl\":\"http:\/\/www.sunpluspro.com\/wp-content\/uploads\/2025\/12\/1433_NjNirM8U.webp\",\"datePublished\":\"2025-10-14T01:07:43+00:00\",\"dateModified\":\"2025-12-11T13:07:33+00:00\",\"description\":\"Sunplus keeps strict quality control with international certifications (ISO 9001, CE, RoHS) and third-party test reports. See our certificate gallery.\",\"breadcrumb\":{\"@id\":\"https:\/\/www.sunpluspro.com\/certifications\/#breadcrumb\"},\"inLanguage\":\"fr-FR\",\"potentialAction\":[{\"@type\":\"ReadAction\",\"target\":[\"https:\/\/www.sunpluspro.com\/certifications\/\"]}]},{\"@type\":\"ImageObject\",\"inLanguage\":\"fr-FR\",\"@id\":\"https:\/\/www.sunpluspro.com\/certifications\/#primaryimage\",\"url\":\"http:\/\/www.sunpluspro.com\/wp-content\/uploads\/2025\/12\/1433_NjNirM8U.webp\",\"contentUrl\":\"http:\/\/www.sunpluspro.com\/wp-content\/uploads\/2025\/12\/1433_NjNirM8U.webp\"},{\"@type\":\"BreadcrumbList\",\"@id\":\"https:\/\/www.sunpluspro.com\/certifications\/#breadcrumb\",\"itemListElement\":[{\"@type\":\"ListItem\",\"position\":1,\"name\":\"\u9996\u9875\",\"item\":\"https:\/\/www.sunpluspro.com\/\"},{\"@type\":\"ListItem\",\"position\":2,\"name\":\"Certifications\"}]},{\"@type\":\"WebSite\",\"@id\":\"https:\/\/www.sunpluspro.com\/#website\",\"url\":\"https:\/\/www.sunpluspro.com\/\",\"name\":\"SunplusPro\",\"description\":\"Solar Street Lights Supplier\",\"publisher\":{\"@id\":\"https:\/\/www.sunpluspro.com\/#organization\"},\"alternateName\":\"SunplusPro\",\"potentialAction\":[{\"@type\":\"SearchAction\",\"target\":{\"@type\":\"EntryPoint\",\"urlTemplate\":\"https:\/\/www.sunpluspro.com\/?s={search_term_string}\"},\"query-input\":{\"@type\":\"PropertyValueSpecification\",\"valueRequired\":true,\"valueName\":\"search_term_string\"}}],\"inLanguage\":\"fr-FR\"},{\"@type\":\"Organization\",\"@id\":\"https:\/\/www.sunpluspro.com\/#organization\",\"name\":\"Haichen\",\"url\":\"https:\/\/www.sunpluspro.com\/\",\"logo\":{\"@type\":\"ImageObject\",\"inLanguage\":\"fr-FR\",\"@id\":\"https:\/\/www.sunpluspro.com\/#\/schema\/logo\/image\/\",\"url\":\"https:\/\/www.sunpluspro.com\/wp-content\/uploads\/2025\/12\/cropped-logo.png\",\"contentUrl\":\"https:\/\/www.sunpluspro.com\/wp-content\/uploads\/2025\/12\/cropped-logo.png\",\"width\":230,\"height\":70,\"caption\":\"Haichen\"},\"image\":{\"@id\":\"https:\/\/www.sunpluspro.com\/#\/schema\/logo\/image\/\"}}]}<\/script>\n<!-- \/ Yoast SEO plugin. -->","yoast_head_json":{"title":"Certifications | Sunplus - Fabricant de lampadaires solaires - SunplusPro","description":"Sunplus assure un contr\u00f4le strict de la qualit\u00e9 gr\u00e2ce \u00e0 des certifications internationales (ISO 9001, CE, RoHS) et \u00e0 des rapports de tests effectu\u00e9s par des tiers. Voir notre galerie de certificats.","robots":{"index":"index","follow":"follow","max-snippet":"max-snippet:-1","max-image-preview":"max-image-preview:large","max-video-preview":"max-video-preview:-1"},"canonical":"https:\/\/www.sunpluspro.com\/fr\/certifications\/","og_locale":"fr_FR","og_type":"article","og_title":"Certifications | Sunplus \u2014 Solar Street Light Manufacturer - SunplusPro","og_description":"Sunplus keeps strict quality control with international certifications (ISO 9001, CE, RoHS) and third-party test reports. See our certificate gallery.","og_url":"https:\/\/www.sunpluspro.com\/fr\/certifications\/","og_site_name":"SunplusPro","article_modified_time":"2025-12-11T13:07:33+00:00","og_image":[{"width":1464,"height":325,"url":"https:\/\/www.sunpluspro.com\/wp-content\/uploads\/2025\/12\/1433_NjNirM8U.webp","type":"image\/webp"}],"twitter_card":"summary_large_image","twitter_misc":{"Dur\u00e9e de lecture estim\u00e9e":"3 minutes"},"schema":{"@context":"https:\/\/schema.org","@graph":[{"@type":"WebPage","@id":"https:\/\/www.sunpluspro.com\/certifications\/","url":"https:\/\/www.sunpluspro.com\/certifications\/","name":"Certifications | Sunplus - Fabricant de lampadaires solaires - SunplusPro","isPartOf":{"@id":"https:\/\/www.sunpluspro.com\/#website"},"primaryImageOfPage":{"@id":"https:\/\/www.sunpluspro.com\/certifications\/#primaryimage"},"image":{"@id":"https:\/\/www.sunpluspro.com\/certifications\/#primaryimage"},"thumbnailUrl":"http:\/\/www.sunpluspro.com\/wp-content\/uploads\/2025\/12\/1433_NjNirM8U.webp","datePublished":"2025-10-14T01:07:43+00:00","dateModified":"2025-12-11T13:07:33+00:00","description":"Sunplus assure un contr\u00f4le strict de la qualit\u00e9 gr\u00e2ce \u00e0 des certifications internationales (ISO 9001, CE, RoHS) et \u00e0 des rapports de tests effectu\u00e9s par des tiers. Voir notre galerie de certificats.","breadcrumb":{"@id":"https:\/\/www.sunpluspro.com\/certifications\/#breadcrumb"},"inLanguage":"fr-FR","potentialAction":[{"@type":"ReadAction","target":["https:\/\/www.sunpluspro.com\/certifications\/"]}]},{"@type":"ImageObject","inLanguage":"fr-FR","@id":"https:\/\/www.sunpluspro.com\/certifications\/#primaryimage","url":"http:\/\/www.sunpluspro.com\/wp-content\/uploads\/2025\/12\/1433_NjNirM8U.webp","contentUrl":"http:\/\/www.sunpluspro.com\/wp-content\/uploads\/2025\/12\/1433_NjNirM8U.webp"},{"@type":"BreadcrumbList","@id":"https:\/\/www.sunpluspro.com\/certifications\/#breadcrumb","itemListElement":[{"@type":"ListItem","position":1,"name":"\u9996\u9875","item":"https:\/\/www.sunpluspro.com\/"},{"@type":"ListItem","position":2,"name":"Certifications"}]},{"@type":"WebSite","@id":"https:\/\/www.sunpluspro.com\/#website","url":"https:\/\/www.sunpluspro.com\/","name":"SunplusPro","description":"Lampes de rue solaires Fournisseur","publisher":{"@id":"https:\/\/www.sunpluspro.com\/#organization"},"alternateName":"SunplusPro","potentialAction":[{"@type":"SearchAction","target":{"@type":"EntryPoint","urlTemplate":"https:\/\/www.sunpluspro.com\/?s={search_term_string}"},"query-input":{"@type":"PropertyValueSpecification","valueRequired":true,"valueName":"search_term_string"}}],"inLanguage":"fr-FR"},{"@type":"Organization","@id":"https:\/\/www.sunpluspro.com\/#organization","name":"Haichen","url":"https:\/\/www.sunpluspro.com\/","logo":{"@type":"ImageObject","inLanguage":"fr-FR","@id":"https:\/\/www.sunpluspro.com\/#\/schema\/logo\/image\/","url":"https:\/\/www.sunpluspro.com\/wp-content\/uploads\/2025\/12\/cropped-logo.png","contentUrl":"https:\/\/www.sunpluspro.com\/wp-content\/uploads\/2025\/12\/cropped-logo.png","width":230,"height":70,"caption":"Haichen"},"image":{"@id":"https:\/\/www.sunpluspro.com\/#\/schema\/logo\/image\/"}}]}},"_links":{"self":[{"href":"https:\/\/www.sunpluspro.com\/fr\/wp-json\/wp\/v2\/pages\/1647","targetHints":{"allow":["GET"]}}],"collection":[{"href":"https:\/\/www.sunpluspro.com\/fr\/wp-json\/wp\/v2\/pages"}],"about":[{"href":"https:\/\/www.sunpluspro.com\/fr\/wp-json\/wp\/v2\/types\/page"}],"author":[{"embeddable":true,"href":"https:\/\/www.sunpluspro.com\/fr\/wp-json\/wp\/v2\/users\/1"}],"replies":[{"embeddable":true,"href":"https:\/\/www.sunpluspro.com\/fr\/wp-json\/wp\/v2\/comments?post=1647"}],"version-history":[{"count":20,"href":"https:\/\/www.sunpluspro.com\/fr\/wp-json\/wp\/v2\/pages\/1647\/revisions"}],"predecessor-version":[{"id":1889,"href":"https:\/\/www.sunpluspro.com\/fr\/wp-json\/wp\/v2\/pages\/1647\/revisions\/1889"}],"wp:attachment":[{"href":"https:\/\/www.sunpluspro.com\/fr\/wp-json\/wp\/v2\/media?parent=1647"}],"curies":[{"name":"wp","href":"https:\/\/api.w.org\/{rel}","templated":true}]}}