{"id":1647,"date":"2025-10-14T09:07:43","date_gmt":"2025-10-14T01:07:43","guid":{"rendered":"http:\/\/www.tioxhua.com\/?page_id=1647"},"modified":"2025-12-11T21:07:33","modified_gmt":"2025-12-11T13:07:33","slug":"certifications","status":"publish","type":"page","link":"https:\/\/www.sunpluspro.com\/pt\/certifications\/","title":{"rendered":"Certifica\u00e7\u00f5es"},"content":{"rendered":"<div data-elementor-type=\"wp-page\" data-elementor-id=\"1647\" class=\"elementor elementor-1647\" data-elementor-post-type=\"page\">\n\t\t\t\t<div class=\"elementor-element elementor-element-744433a e-flex e-con-boxed e-con e-parent\" data-id=\"744433a\" data-element_type=\"container\">\n\t\t\t\t\t<div class=\"e-con-inner\">\n\t\t\t\t<div class=\"elementor-element elementor-element-83af712 elementor-widget elementor-widget-heading\" data-id=\"83af712\" data-element_type=\"widget\" data-widget_type=\"heading.default\">\n\t\t\t\t<div class=\"elementor-widget-container\">\n\t\t\t\t\t<h1 class=\"elementor-heading-title elementor-size-default\">Certifica\u00e7\u00f5es<\/h1>\t\t\t\t<\/div>\n\t\t\t\t<\/div>\n\t\t\t\t\t<\/div>\n\t\t\t\t<\/div>\n\t\t<div class=\"elementor-element elementor-element-8ed2d13 e-flex e-con-boxed e-con e-parent\" data-id=\"8ed2d13\" data-element_type=\"container\">\n\t\t\t\t\t<div class=\"e-con-inner\">\n\t\t\t\t<div class=\"elementor-element elementor-element-e571d4b elementor-widget elementor-widget-text-editor\" data-id=\"e571d4b\" data-element_type=\"widget\" data-widget_type=\"text-editor.default\">\n\t\t\t\t<div class=\"elementor-widget-container\">\n\t\t\t\t\t\t\t\t\t<h3>Porque \u00e9 que a certifica\u00e7\u00e3o \u00e9 importante<\/h3><p>A Sunplus Solar concebe e fabrica produtos de ilumina\u00e7\u00e3o solar de alto desempenho para projectos urbanos, comunit\u00e1rios e comerciais, incluindo candeeiros de rua solares integrados, candeeiros de rua solares 2 em 1 e projectores solares. A certifica\u00e7\u00e3o \u00e9 mais do que um simples distintivo; prova que os nossos produtos cumprem normas globais independentes que abrangem a seguran\u00e7a, o desempenho el\u00e9trico, a durabilidade, a efici\u00eancia e o respeito pelo ambiente, permitindo que os clientes nos escolham com total confian\u00e7a.<\/p><h3>A nossa filosofia de certifica\u00e7\u00e3o<\/h3><p>A Sunplus Solar possui um sistema de gest\u00e3o de qualidade abrangente, incluindo procedimentos e padr\u00f5es de testes internos completos e rigorosos. Temos tamb\u00e9m laborat\u00f3rios independentes que realizam testes e inspec\u00e7\u00f5es aos nossos produtos e f\u00e1bricas. Estes testes abrangem a seguran\u00e7a do produto, a compatibilidade electromagn\u00e9tica, a classifica\u00e7\u00e3o de prote\u00e7\u00e3o, o desempenho fotom\u00e9trico, a capacidade da bateria, o tempo de ilumina\u00e7\u00e3o, o teste de n\u00e9voa salina, o teste de queda, o teste de resist\u00eancia ao choque e muito mais. Sempre que poss\u00edvel, publicamos c\u00f3pias digitalizadas de certificados, relat\u00f3rios de testes e documentos de inspe\u00e7\u00e3o de f\u00e1brica para que os nossos clientes possam verificar rapidamente as nossas afirma\u00e7\u00f5es.<\/p><h3>Certifica\u00e7\u00f5es e relat\u00f3rios de testes t\u00edpicos<\/h3><p>ISO 9001:2015 - Sistema de Gest\u00e3o da Qualidade<br \/>Demonstra processos de fabrico consistentes e melhoria cont\u00ednua.<\/p><p>Marca\u00e7\u00e3o CE (UE)<\/p><p>Declara a conformidade com os requisitos europeus de seguran\u00e7a, sa\u00fade e prote\u00e7\u00e3o ambiental para o equipamento el\u00e9trico.<\/p><p>RoHS (Restri\u00e7\u00e3o de Subst\u00e2ncias Perigosas)<br \/>Confirma que os componentes e materiais cumprem os limites de chumbo, merc\u00fario, c\u00e1dmio e outras subst\u00e2ncias regulamentadas.<\/p><p>Normas IEC \/ EN<\/p><p>(ilumina\u00e7\u00e3o e lumin\u00e1rias)<br \/>As normas comuns incluem a IEC 60598 para lumin\u00e1rias e a IEC 62471 para seguran\u00e7a fotobiol\u00f3gica.<\/p><p>LM-80 \/ TM-21 - Manuten\u00e7\u00e3o do l\u00famen do LED<br \/>Medi\u00e7\u00e3o independente da deprecia\u00e7\u00e3o do l\u00famen do LED utilizada para estimar a produ\u00e7\u00e3o de luz e a vida \u00fatil a longo prazo.<\/p><p>Classifica\u00e7\u00f5es IP e IK (prote\u00e7\u00e3o contra ingresso \/ prote\u00e7\u00e3o contra impacto)<br \/>Classifica\u00e7\u00f5es t\u00edpicas para ilumina\u00e7\u00e3o solar exterior: IP65 \/ IP66 (prote\u00e7\u00e3o contra poeiras\/\u00e1gua) e IK08 (resist\u00eancia ao impacto).<\/p><p>EMC \/ FCC \/ EN 55015<br \/>Relat\u00f3rios de compatibilidade electromagn\u00e9tica para EMI\/EMC para garantir que o produto n\u00e3o interfere com outros dispositivos.<\/p><p>Relat\u00f3rios T\u00dcV \/ SGS \/ Intertek<br \/>Relat\u00f3rios de testes de seguran\u00e7a, desempenho e materiais de terceiros de laborat\u00f3rios internacionais reconhecidos.<\/p><h3>Ensaios de corros\u00e3o \/ n\u00e9voa salina<\/h3><p>Para ambientes costeiros ou agressivos, certifica o revestimento e a resist\u00eancia \u00e0 corros\u00e3o dos inv\u00f3lucros e do hardware de montagem.<\/p><h3>Seguran\u00e7a da bateria e UN38.3<\/h3><p>Ensaios de seguran\u00e7a e qualifica\u00e7\u00e3o do transporte de baterias de l\u00edtio utilizadas em sistemas de ilumina\u00e7\u00e3o solar.<\/p><h3>O que estas certifica\u00e7\u00f5es significam para si<\/h3><p>Desempenho fi\u00e1vel - Os relat\u00f3rios fotom\u00e9tricos e de manuten\u00e7\u00e3o de l\u00famenes de LED (LM-80\/TM-21) ajudam a prever durante quanto tempo as suas luzes ir\u00e3o satisfazer os n\u00edveis de lux exigidos.<br \/>Seguran\u00e7a e conformidade - Os documentos de seguran\u00e7a CE, IEC e da bateria reduzem o risco regulamentar para instaladores e propriet\u00e1rios de projectos.<br \/>Durabilidade no terreno - Os testes IP\/IK e de corros\u00e3o significam que as luzes continuam a funcionar mesmo com chuva, p\u00f3 e impacto.<\/p><h3>Ambiental<\/h3><p>responsabilidade - Os relat\u00f3rios RoHS e de materiais mostram que evitamos subst\u00e2ncias perigosas.<br \/>Aquisi\u00e7\u00e3o mais f\u00e1cil - Os relat\u00f3rios verificados de terceiros simplificam os testes de aceita\u00e7\u00e3o e a avalia\u00e7\u00e3o t\u00e9cnica para concursos e grandes projectos.<\/p><p>Bem-vindo a contactar e obter mais informa\u00e7\u00f5es sobre o nosso produto e empresa.<\/p>\t\t\t\t\t\t\t\t<\/div>\n\t\t\t\t<\/div>\n\t\t\t\t\t<\/div>\n\t\t\t\t<\/div>\n\t\t<div class=\"elementor-element elementor-element-416a5e0 e-flex e-con-boxed e-con e-parent\" data-id=\"416a5e0\" data-element_type=\"container\">\n\t\t\t\t\t<div class=\"e-con-inner\">\n\t\t\t\t<div class=\"elementor-element elementor-element-cca5be2 elementor-widget elementor-widget-image\" data-id=\"cca5be2\" data-element_type=\"widget\" data-widget_type=\"image.default\">\n\t\t\t\t<div class=\"elementor-widget-container\">\n\t\t\t\t\t\t\t\t\t\t\t\t\t\t\t<img fetchpriority=\"high\" decoding=\"async\" width=\"1464\" height=\"325\" src=\"https:\/\/www.sunpluspro.com\/wp-content\/uploads\/2025\/12\/1433_NjNirM8U.webp\" class=\"attachment-1536x1536 size-1536x1536 wp-image-1873\" alt=\"Certifica\u00e7\u00f5es\" srcset=\"https:\/\/www.sunpluspro.com\/wp-content\/uploads\/2025\/12\/1433_NjNirM8U.webp 1464w, https:\/\/www.sunpluspro.com\/wp-content\/uploads\/2025\/12\/1433_NjNirM8U-300x67.webp 300w, https:\/\/www.sunpluspro.com\/wp-content\/uploads\/2025\/12\/1433_NjNirM8U-1024x227.webp 1024w, https:\/\/www.sunpluspro.com\/wp-content\/uploads\/2025\/12\/1433_NjNirM8U-768x170.webp 768w, https:\/\/www.sunpluspro.com\/wp-content\/uploads\/2025\/12\/1433_NjNirM8U-18x4.webp 18w\" sizes=\"(max-width: 1464px) 100vw, 1464px\" \/>\t\t\t\t\t\t\t\t\t\t\t\t\t\t\t<\/div>\n\t\t\t\t<\/div>\n\t\t\t\t\t<\/div>\n\t\t\t\t<\/div>\n\t\t\t\t<\/div>","protected":false},"excerpt":{"rendered":"<p>Certifications Why Certification Matters Sunplus Solar designs and manufactures high-performance solar lighting products for urban, community, and commercial projects, including integrated solar streetlights, 2-in-1 solar streetlights, and solar floodlights. Certification is more than just a badge; it proves that our products meet independent global standards covering safety, electrical performance, durability, efficiency, and environmental friendliness, allowing [&hellip;]<\/p>","protected":false},"author":1,"featured_media":0,"parent":0,"menu_order":0,"comment_status":"closed","ping_status":"closed","template":"","meta":{"_acf_changed":false,"site-sidebar-layout":"no-sidebar","site-content-layout":"page-builder","ast-site-content-layout":"full-width-container","site-content-style":"default","site-sidebar-style":"default","ast-global-header-display":"","ast-banner-title-visibility":"","ast-main-header-display":"","ast-hfb-above-header-display":"","ast-hfb-below-header-display":"","ast-hfb-mobile-header-display":"","site-post-title":"disabled","ast-breadcrumbs-content":"disabled","ast-featured-img":"disabled","footer-sml-layout":"","theme-transparent-header-meta":"default","adv-header-id-meta":"","stick-header-meta":"default","header-above-stick-meta":"","header-main-stick-meta":"","header-below-stick-meta":"","astra-migrate-meta-layouts":"set","ast-page-background-enabled":"default","ast-page-background-meta":{"desktop":{"background-color":"var(--ast-global-color-4)","background-image":"","background-repeat":"repeat","background-position":"center center","background-size":"auto","background-attachment":"scroll","background-type":"","background-media":"","overlay-type":"","overlay-color":"","overlay-opacity":"","overlay-gradient":""},"tablet":{"background-color":"","background-image":"","background-repeat":"repeat","background-position":"center center","background-size":"auto","background-attachment":"scroll","background-type":"","background-media":"","overlay-type":"","overlay-color":"","overlay-opacity":"","overlay-gradient":""},"mobile":{"background-color":"","background-image":"","background-repeat":"repeat","background-position":"center center","background-size":"auto","background-attachment":"scroll","background-type":"","background-media":"","overlay-type":"","overlay-color":"","overlay-opacity":"","overlay-gradient":""}},"ast-content-background-meta":{"desktop":{"background-color":"var(--ast-global-color-5)","background-image":"","background-repeat":"repeat","background-position":"center center","background-size":"auto","background-attachment":"scroll","background-type":"","background-media":"","overlay-type":"","overlay-color":"","overlay-opacity":"","overlay-gradient":""},"tablet":{"background-color":"var(--ast-global-color-5)","background-image":"","background-repeat":"repeat","background-position":"center center","background-size":"auto","background-attachment":"scroll","background-type":"","background-media":"","overlay-type":"","overlay-color":"","overlay-opacity":"","overlay-gradient":""},"mobile":{"background-color":"var(--ast-global-color-5)","background-image":"","background-repeat":"repeat","background-position":"center center","background-size":"auto","background-attachment":"scroll","background-type":"","background-media":"","overlay-type":"","overlay-color":"","overlay-opacity":"","overlay-gradient":""}},"footnotes":""},"class_list":["post-1647","page","type-page","status-publish","hentry"],"acf":[],"yoast_head":"<!-- This site is optimized with the Yoast SEO plugin v26.8 - https:\/\/yoast.com\/product\/yoast-seo-wordpress\/ -->\n<title>Certifications | Sunplus \u2014 Solar Street Light Manufacturer - SunplusPro<\/title>\n<meta name=\"description\" content=\"Sunplus keeps strict quality control with international certifications (ISO 9001, CE, RoHS) and third-party test reports. See our certificate gallery.\" \/>\n<meta name=\"robots\" content=\"index, follow, max-snippet:-1, max-image-preview:large, max-video-preview:-1\" \/>\n<link rel=\"canonical\" href=\"https:\/\/www.sunpluspro.com\/pt\/certifications\/\" \/>\n<meta property=\"og:locale\" content=\"pt_PT\" \/>\n<meta property=\"og:type\" content=\"article\" \/>\n<meta property=\"og:title\" content=\"Certifications | Sunplus \u2014 Solar Street Light Manufacturer - SunplusPro\" \/>\n<meta property=\"og:description\" content=\"Sunplus keeps strict quality control with international certifications (ISO 9001, CE, RoHS) and third-party test reports. See our certificate gallery.\" \/>\n<meta property=\"og:url\" content=\"https:\/\/www.sunpluspro.com\/pt\/certifications\/\" \/>\n<meta property=\"og:site_name\" content=\"SunplusPro\" \/>\n<meta property=\"article:modified_time\" content=\"2025-12-11T13:07:33+00:00\" \/>\n<meta property=\"og:image\" content=\"https:\/\/www.sunpluspro.com\/wp-content\/uploads\/2025\/12\/1433_NjNirM8U.webp\" \/>\n\t<meta property=\"og:image:width\" content=\"1464\" \/>\n\t<meta property=\"og:image:height\" content=\"325\" \/>\n\t<meta property=\"og:image:type\" content=\"image\/webp\" \/>\n<meta name=\"twitter:card\" content=\"summary_large_image\" \/>\n<meta name=\"twitter:label1\" content=\"Tempo estimado de leitura\" \/>\n\t<meta name=\"twitter:data1\" content=\"3 minutos\" \/>\n<script type=\"application\/ld+json\" class=\"yoast-schema-graph\">{\"@context\":\"https:\/\/schema.org\",\"@graph\":[{\"@type\":\"WebPage\",\"@id\":\"https:\/\/www.sunpluspro.com\/certifications\/\",\"url\":\"https:\/\/www.sunpluspro.com\/certifications\/\",\"name\":\"Certifications | Sunplus \u2014 Solar Street Light Manufacturer - SunplusPro\",\"isPartOf\":{\"@id\":\"https:\/\/www.sunpluspro.com\/#website\"},\"primaryImageOfPage\":{\"@id\":\"https:\/\/www.sunpluspro.com\/certifications\/#primaryimage\"},\"image\":{\"@id\":\"https:\/\/www.sunpluspro.com\/certifications\/#primaryimage\"},\"thumbnailUrl\":\"http:\/\/www.sunpluspro.com\/wp-content\/uploads\/2025\/12\/1433_NjNirM8U.webp\",\"datePublished\":\"2025-10-14T01:07:43+00:00\",\"dateModified\":\"2025-12-11T13:07:33+00:00\",\"description\":\"Sunplus keeps strict quality control with international certifications (ISO 9001, CE, RoHS) and third-party test reports. See our certificate gallery.\",\"breadcrumb\":{\"@id\":\"https:\/\/www.sunpluspro.com\/certifications\/#breadcrumb\"},\"inLanguage\":\"pt-PT\",\"potentialAction\":[{\"@type\":\"ReadAction\",\"target\":[\"https:\/\/www.sunpluspro.com\/certifications\/\"]}]},{\"@type\":\"ImageObject\",\"inLanguage\":\"pt-PT\",\"@id\":\"https:\/\/www.sunpluspro.com\/certifications\/#primaryimage\",\"url\":\"http:\/\/www.sunpluspro.com\/wp-content\/uploads\/2025\/12\/1433_NjNirM8U.webp\",\"contentUrl\":\"http:\/\/www.sunpluspro.com\/wp-content\/uploads\/2025\/12\/1433_NjNirM8U.webp\"},{\"@type\":\"BreadcrumbList\",\"@id\":\"https:\/\/www.sunpluspro.com\/certifications\/#breadcrumb\",\"itemListElement\":[{\"@type\":\"ListItem\",\"position\":1,\"name\":\"\u9996\u9875\",\"item\":\"https:\/\/www.sunpluspro.com\/\"},{\"@type\":\"ListItem\",\"position\":2,\"name\":\"Certifications\"}]},{\"@type\":\"WebSite\",\"@id\":\"https:\/\/www.sunpluspro.com\/#website\",\"url\":\"https:\/\/www.sunpluspro.com\/\",\"name\":\"SunplusPro\",\"description\":\"Solar Street Lights Supplier\",\"publisher\":{\"@id\":\"https:\/\/www.sunpluspro.com\/#organization\"},\"alternateName\":\"SunplusPro\",\"potentialAction\":[{\"@type\":\"SearchAction\",\"target\":{\"@type\":\"EntryPoint\",\"urlTemplate\":\"https:\/\/www.sunpluspro.com\/?s={search_term_string}\"},\"query-input\":{\"@type\":\"PropertyValueSpecification\",\"valueRequired\":true,\"valueName\":\"search_term_string\"}}],\"inLanguage\":\"pt-PT\"},{\"@type\":\"Organization\",\"@id\":\"https:\/\/www.sunpluspro.com\/#organization\",\"name\":\"Haichen\",\"url\":\"https:\/\/www.sunpluspro.com\/\",\"logo\":{\"@type\":\"ImageObject\",\"inLanguage\":\"pt-PT\",\"@id\":\"https:\/\/www.sunpluspro.com\/#\/schema\/logo\/image\/\",\"url\":\"https:\/\/www.sunpluspro.com\/wp-content\/uploads\/2025\/12\/cropped-logo.png\",\"contentUrl\":\"https:\/\/www.sunpluspro.com\/wp-content\/uploads\/2025\/12\/cropped-logo.png\",\"width\":230,\"height\":70,\"caption\":\"Haichen\"},\"image\":{\"@id\":\"https:\/\/www.sunpluspro.com\/#\/schema\/logo\/image\/\"}}]}<\/script>\n<!-- \/ Yoast SEO plugin. -->","yoast_head_json":{"title":"Certifica\u00e7\u00f5es | Sunplus - Fabricante de ilumina\u00e7\u00e3o p\u00fablica solar - SunplusPro","description":"A Sunplus mant\u00e9m um controlo de qualidade rigoroso com certifica\u00e7\u00f5es internacionais (ISO 9001, CE, RoHS) e relat\u00f3rios de testes de terceiros. Veja a nossa galeria de certificados.","robots":{"index":"index","follow":"follow","max-snippet":"max-snippet:-1","max-image-preview":"max-image-preview:large","max-video-preview":"max-video-preview:-1"},"canonical":"https:\/\/www.sunpluspro.com\/pt\/certifications\/","og_locale":"pt_PT","og_type":"article","og_title":"Certifications | Sunplus \u2014 Solar Street Light Manufacturer - SunplusPro","og_description":"Sunplus keeps strict quality control with international certifications (ISO 9001, CE, RoHS) and third-party test reports. See our certificate gallery.","og_url":"https:\/\/www.sunpluspro.com\/pt\/certifications\/","og_site_name":"SunplusPro","article_modified_time":"2025-12-11T13:07:33+00:00","og_image":[{"width":1464,"height":325,"url":"https:\/\/www.sunpluspro.com\/wp-content\/uploads\/2025\/12\/1433_NjNirM8U.webp","type":"image\/webp"}],"twitter_card":"summary_large_image","twitter_misc":{"Tempo estimado de leitura":"3 minutos"},"schema":{"@context":"https:\/\/schema.org","@graph":[{"@type":"WebPage","@id":"https:\/\/www.sunpluspro.com\/certifications\/","url":"https:\/\/www.sunpluspro.com\/certifications\/","name":"Certifica\u00e7\u00f5es | Sunplus - Fabricante de ilumina\u00e7\u00e3o p\u00fablica solar - SunplusPro","isPartOf":{"@id":"https:\/\/www.sunpluspro.com\/#website"},"primaryImageOfPage":{"@id":"https:\/\/www.sunpluspro.com\/certifications\/#primaryimage"},"image":{"@id":"https:\/\/www.sunpluspro.com\/certifications\/#primaryimage"},"thumbnailUrl":"http:\/\/www.sunpluspro.com\/wp-content\/uploads\/2025\/12\/1433_NjNirM8U.webp","datePublished":"2025-10-14T01:07:43+00:00","dateModified":"2025-12-11T13:07:33+00:00","description":"A Sunplus mant\u00e9m um controlo de qualidade rigoroso com certifica\u00e7\u00f5es internacionais (ISO 9001, CE, RoHS) e relat\u00f3rios de testes de terceiros. Veja a nossa galeria de certificados.","breadcrumb":{"@id":"https:\/\/www.sunpluspro.com\/certifications\/#breadcrumb"},"inLanguage":"pt-PT","potentialAction":[{"@type":"ReadAction","target":["https:\/\/www.sunpluspro.com\/certifications\/"]}]},{"@type":"ImageObject","inLanguage":"pt-PT","@id":"https:\/\/www.sunpluspro.com\/certifications\/#primaryimage","url":"http:\/\/www.sunpluspro.com\/wp-content\/uploads\/2025\/12\/1433_NjNirM8U.webp","contentUrl":"http:\/\/www.sunpluspro.com\/wp-content\/uploads\/2025\/12\/1433_NjNirM8U.webp"},{"@type":"BreadcrumbList","@id":"https:\/\/www.sunpluspro.com\/certifications\/#breadcrumb","itemListElement":[{"@type":"ListItem","position":1,"name":"\u9996\u9875","item":"https:\/\/www.sunpluspro.com\/"},{"@type":"ListItem","position":2,"name":"Certifications"}]},{"@type":"WebSite","@id":"https:\/\/www.sunpluspro.com\/#website","url":"https:\/\/www.sunpluspro.com\/","name":"SunplusPro","description":"Fornecedor de candeeiros de rua solares","publisher":{"@id":"https:\/\/www.sunpluspro.com\/#organization"},"alternateName":"SunplusPro","potentialAction":[{"@type":"SearchAction","target":{"@type":"EntryPoint","urlTemplate":"https:\/\/www.sunpluspro.com\/?s={search_term_string}"},"query-input":{"@type":"PropertyValueSpecification","valueRequired":true,"valueName":"search_term_string"}}],"inLanguage":"pt-PT"},{"@type":"Organization","@id":"https:\/\/www.sunpluspro.com\/#organization","name":"Haichen","url":"https:\/\/www.sunpluspro.com\/","logo":{"@type":"ImageObject","inLanguage":"pt-PT","@id":"https:\/\/www.sunpluspro.com\/#\/schema\/logo\/image\/","url":"https:\/\/www.sunpluspro.com\/wp-content\/uploads\/2025\/12\/cropped-logo.png","contentUrl":"https:\/\/www.sunpluspro.com\/wp-content\/uploads\/2025\/12\/cropped-logo.png","width":230,"height":70,"caption":"Haichen"},"image":{"@id":"https:\/\/www.sunpluspro.com\/#\/schema\/logo\/image\/"}}]}},"_links":{"self":[{"href":"https:\/\/www.sunpluspro.com\/pt\/wp-json\/wp\/v2\/pages\/1647","targetHints":{"allow":["GET"]}}],"collection":[{"href":"https:\/\/www.sunpluspro.com\/pt\/wp-json\/wp\/v2\/pages"}],"about":[{"href":"https:\/\/www.sunpluspro.com\/pt\/wp-json\/wp\/v2\/types\/page"}],"author":[{"embeddable":true,"href":"https:\/\/www.sunpluspro.com\/pt\/wp-json\/wp\/v2\/users\/1"}],"replies":[{"embeddable":true,"href":"https:\/\/www.sunpluspro.com\/pt\/wp-json\/wp\/v2\/comments?post=1647"}],"version-history":[{"count":20,"href":"https:\/\/www.sunpluspro.com\/pt\/wp-json\/wp\/v2\/pages\/1647\/revisions"}],"predecessor-version":[{"id":1889,"href":"https:\/\/www.sunpluspro.com\/pt\/wp-json\/wp\/v2\/pages\/1647\/revisions\/1889"}],"wp:attachment":[{"href":"https:\/\/www.sunpluspro.com\/pt\/wp-json\/wp\/v2\/media?parent=1647"}],"curies":[{"name":"wp","href":"https:\/\/api.w.org\/{rel}","templated":true}]}}